{"id":19703,"date":"2024-06-19T18:39:50","date_gmt":"2024-06-19T16:39:50","guid":{"rendered":"https:\/\/grupomassiva.umh.es\/bio-francisco-cuellar\/"},"modified":"2024-06-19T18:39:51","modified_gmt":"2024-06-19T16:39:51","slug":"bio-francisco-cuellar","status":"publish","type":"page","link":"https:\/\/grupomassiva.umh.es\/ca\/bio-francisco-cuellar\/","title":{"rendered":"Bio Francisco Cu\u00e9llar"},"content":{"rendered":"\t\t<div data-elementor-type=\"wp-page\" data-elementor-id=\"19703\" class=\"elementor elementor-19703\" data-elementor-settings=\"[]\">\n\t\t\t\t\t\t\t<div class=\"elementor-section-wrap\">\n\t\t\t\t\t\t\t<section class=\"elementor-section elementor-top-section elementor-element elementor-element-ded597b elementor-hidden-tablet elementor-hidden-phone elementor-section-boxed elementor-section-height-default elementor-section-height-default\" data-id=\"ded597b\" data-element_type=\"section\">\n\t\t\t\t\t\t<div class=\"elementor-container elementor-column-gap-default\">\n\t\t\t\t\t<div class=\"elementor-column elementor-col-100 elementor-top-column elementor-element elementor-element-65601114\" data-id=\"65601114\" data-element_type=\"column\" data-settings=\"{&quot;background_background&quot;:&quot;none&quot;}\">\n\t\t\t<div class=\"elementor-widget-wrap elementor-element-populated\">\n\t\t\t\t\t\t\t\t<div class=\"elementor-element elementor-element-5f7d19a8 elementor-widget elementor-widget-heading\" data-id=\"5f7d19a8\" data-element_type=\"widget\" data-widget_type=\"heading.default\">\n\t\t\t\t<div class=\"elementor-widget-container\">\n\t\t\t<h4 class=\"elementor-heading-title elementor-size-medium\">Francisco Cu\u00e9llar<\/h4>\t\t<\/div>\n\t\t\t\t<\/div>\n\t\t\t\t<div class=\"elementor-element elementor-element-3eaf3ae5 elementor-widget elementor-widget-heading\" data-id=\"3eaf3ae5\" data-element_type=\"widget\" data-widget_type=\"heading.default\">\n\t\t\t\t<div class=\"elementor-widget-container\">\n\t\t\t<h4 class=\"elementor-heading-title elementor-size-medium\">Creaci\u00f3n audiovisual y videoarte aplicados a la alfabetizaci\u00f3n medi\u00e1tica<\/h4>\t\t<\/div>\n\t\t\t\t<\/div>\n\t\t\t\t\t<\/div>\n\t\t<\/div>\n\t\t\t\t\t\t\t<\/div>\n\t\t<\/section>\n\t\t\t\t<section class=\"elementor-section elementor-top-section elementor-element elementor-element-8294415 elementor-hidden-desktop elementor-section-boxed elementor-section-height-default elementor-section-height-default\" data-id=\"8294415\" data-element_type=\"section\">\n\t\t\t\t\t\t<div class=\"elementor-container elementor-column-gap-default\">\n\t\t\t\t\t<div class=\"elementor-column elementor-col-100 elementor-top-column elementor-element elementor-element-36c806a4\" data-id=\"36c806a4\" data-element_type=\"column\" data-settings=\"{&quot;background_background&quot;:&quot;none&quot;}\">\n\t\t\t<div class=\"elementor-widget-wrap elementor-element-populated\">\n\t\t\t\t\t\t\t\t<div class=\"elementor-element elementor-element-66a8e788 elementor-widget elementor-widget-heading\" data-id=\"66a8e788\" data-element_type=\"widget\" data-widget_type=\"heading.default\">\n\t\t\t\t<div class=\"elementor-widget-container\">\n\t\t\t<h4 class=\"elementor-heading-title elementor-size-medium\">Francisco Cu\u00e9llar<\/h4>\t\t<\/div>\n\t\t\t\t<\/div>\n\t\t\t\t<div class=\"elementor-element elementor-element-b48f5ee elementor-widget elementor-widget-heading\" data-id=\"b48f5ee\" data-element_type=\"widget\" data-widget_type=\"heading.default\">\n\t\t\t\t<div class=\"elementor-widget-container\">\n\t\t\t<h4 class=\"elementor-heading-title elementor-size-medium\">Creaci\u00f3n audiovisual y videoarte aplicados a la alfabetizaci\u00f3n medi\u00e1tica<\/h4>\t\t<\/div>\n\t\t\t\t<\/div>\n\t\t\t\t\t<\/div>\n\t\t<\/div>\n\t\t\t\t\t\t\t<\/div>\n\t\t<\/section>\n\t\t\t\t<section class=\"elementor-section elementor-top-section elementor-element elementor-element-b7c1a04 elementor-section-full_width elementor-section-content-top elementor-section-height-default elementor-section-height-default\" data-id=\"b7c1a04\" data-element_type=\"section\">\n\t\t\t\t\t\t<div class=\"elementor-container elementor-column-gap-default\">\n\t\t\t\t\t<div class=\"elementor-column elementor-col-100 elementor-top-column elementor-element elementor-element-2169ac16\" data-id=\"2169ac16\" data-element_type=\"column\">\n\t\t\t<div class=\"elementor-widget-wrap elementor-element-populated\">\n\t\t\t\t\t\t\t\t<div class=\"elementor-element elementor-element-53f284a9 elementor-widget elementor-widget-image\" data-id=\"53f284a9\" data-element_type=\"widget\" data-widget_type=\"image.default\">\n\t\t\t\t<div class=\"elementor-widget-container\">\n\t\t\t\t\t\t\t\t\t\t\t\t\t\t\t<img src=\"https:\/\/grupomassiva.umh.es\/files\/2024\/05\/paco_cuellar_s.jpg\" title=\"\" alt=\"\" \/>\t\t\t\t\t\t\t\t\t\t\t\t\t\t\t<\/div>\n\t\t\t\t<\/div>\n\t\t\t\t\t<\/div>\n\t\t<\/div>\n\t\t\t\t\t\t\t<\/div>\n\t\t<\/section>\n\t\t\t\t<section class=\"elementor-section elementor-top-section elementor-element elementor-element-158a9217 elementor-hidden-tablet elementor-hidden-phone elementor-section-boxed elementor-section-height-default elementor-section-height-default\" data-id=\"158a9217\" data-element_type=\"section\">\n\t\t\t\t\t\t<div class=\"elementor-container elementor-column-gap-default\">\n\t\t\t\t\t<div class=\"elementor-column elementor-col-50 elementor-top-column elementor-element elementor-element-66167b23\" data-id=\"66167b23\" data-element_type=\"column\">\n\t\t\t<div class=\"elementor-widget-wrap elementor-element-populated\">\n\t\t\t\t\t\t\t\t<div class=\"elementor-element elementor-element-502d1374 elementor-widget elementor-widget-text-editor\" data-id=\"502d1374\" data-element_type=\"widget\" data-widget_type=\"text-editor.default\">\n\t\t\t\t<div class=\"elementor-widget-container\">\n\t\t\t\t\t\t\t<p>Francisco Cu\u00e9llar Santiago es investigador y profesor en el \u00c1rea de Est\u00e9tica y Teor\u00eda de las Artes del Departamento de Arte de la Universidad Miguel Hern\u00e1ndez. Tambi\u00e9n es coordinador de proyectos y dise\u00f1ador gr\u00e1fico en la editorial <em>Puntodepape<\/em>l (<a href=\"http:\/\/www.puntodepapel.es\/\">www.puntodepapel.es<\/a>), adem\u00e1s es realizador y editor en la productora audiovisual <em>Pulsarec<\/em> (<a href=\"http:\/\/www.pulsarec.es\/\">www.pulsarec.es<\/a>). Doctor en Bellas Artes por la Universidad de Granada en 2019, con la tesis <em>La educaci\u00f3n audiovisual. Una investigaci\u00f3n de interacci\u00f3n interdisciplinar en las artes audiovisuales y su relaci\u00f3n con el entorno educativo.<\/em> Imparte docencia audiovisual en diferentes niveles educativos, en la etapa de Secundaria a trav\u00e9s de los talleres de enriquecimiento extracurricular para alumnado de altas capacidades de la regi\u00f3n de Murcia (Consejer\u00eda de Educaci\u00f3n), como a profesores de Primaria y Secundaria a trav\u00e9s del Centro de Profesorado de las regiones de Madrid y Murcia. Tambi\u00e9n imparte docencia audiovisual en el Ayuntamiento de Madrid a trav\u00e9s de la direcci\u00f3n general de organizaci\u00f3n, r\u00e9gimen jur\u00eddico y formaci\u00f3n en la Escuela de Formaci\u00f3n del Ayuntamiento de Madrid. Anualmente imparte cursos audiovisuales para alumnado de la Facultad de Educaci\u00f3n de la Universidad de Murcia. Adem\u00e1s, ha impartido docencia audiovisual en el Centro de Investigaci\u00f3n Matem\u00e1tica (M\u00e9xico) perteneciente al Consejo Nacional de Ciencia y Tecnolog\u00eda. Durante el periodo de 2009 a 2019 imparti\u00f3 docencia audiovisual en el I.E.S. San Isidro de Madrid dentro de las actividades extraescolares del centro.<\/p>\t\t\t\t\t\t<\/div>\n\t\t\t\t<\/div>\n\t\t\t\t<div class=\"elementor-element elementor-element-6147b673 elementor-widget-divider--view-line elementor-widget elementor-widget-divider\" data-id=\"6147b673\" data-element_type=\"widget\" data-widget_type=\"divider.default\">\n\t\t\t\t<div class=\"elementor-widget-container\">\n\t\t\t\t\t<div class=\"elementor-divider\">\n\t\t\t<span class=\"elementor-divider-separator\">\n\t\t\t\t\t\t<\/span>\n\t\t<\/div>\n\t\t\t\t<\/div>\n\t\t\t\t<\/div>\n\t\t\t\t<div class=\"elementor-element elementor-element-2c160c57 elementor-widget elementor-widget-heading\" data-id=\"2c160c57\" data-element_type=\"widget\" data-widget_type=\"heading.default\">\n\t\t\t\t<div class=\"elementor-widget-container\">\n\t\t\t<h3 class=\"elementor-heading-title elementor-size-large\">Contacto<\/h3>\t\t<\/div>\n\t\t\t\t<\/div>\n\t\t\t\t<div class=\"elementor-element elementor-element-3afc414c elementor-align-right elementor-icon-list--layout-traditional elementor-list-item-link-full_width elementor-widget elementor-widget-icon-list\" data-id=\"3afc414c\" data-element_type=\"widget\" data-widget_type=\"icon-list.default\">\n\t\t\t\t<div class=\"elementor-widget-container\">\n\t\t\t\t\t<ul class=\"elementor-icon-list-items\">\n\t\t\t\t\t\t\t<li class=\"elementor-icon-list-item\">\n\t\t\t\t\t\t\t\t\t\t\t<span class=\"elementor-icon-list-icon\">\n\t\t\t\t\t\t\t<i aria-hidden=\"true\" class=\"far fa-envelope\"><\/i>\t\t\t\t\t\t<\/span>\n\t\t\t\t\t\t\t\t\t\t<span class=\"elementor-icon-list-text\"><a href=\"mailto:fcuellar@umh.es\">fcuellar@umh.es<\/a><\/span>\n\t\t\t\t\t\t\t\t\t<\/li>\n\t\t\t\t\t\t\t\t<li class=\"elementor-icon-list-item\">\n\t\t\t\t\t\t\t\t\t\t\t<a href=\"http:\/\/www.franciscocuellar.es\">\n\n\t\t\t\t\t\t\t\t\t\t\t\t<span class=\"elementor-icon-list-icon\">\n\t\t\t\t\t\t\t<i aria-hidden=\"true\" class=\"far fa-eye\"><\/i>\t\t\t\t\t\t<\/span>\n\t\t\t\t\t\t\t\t\t\t<span class=\"elementor-icon-list-text\">www.franciscocuellar.es<\/span>\n\t\t\t\t\t\t\t\t\t\t\t<\/a>\n\t\t\t\t\t\t\t\t\t<\/li>\n\t\t\t\t\t\t<\/ul>\n\t\t\t\t<\/div>\n\t\t\t\t<\/div>\n\t\t\t\t\t<\/div>\n\t\t<\/div>\n\t\t\t\t<div class=\"elementor-column elementor-col-50 elementor-top-column elementor-element elementor-element-7187946e\" data-id=\"7187946e\" data-element_type=\"column\">\n\t\t\t<div class=\"elementor-widget-wrap elementor-element-populated\">\n\t\t\t\t\t\t\t\t<div class=\"elementor-element elementor-element-69574f0d elementor-widget elementor-widget-text-editor\" data-id=\"69574f0d\" data-element_type=\"widget\" data-widget_type=\"text-editor.default\">\n\t\t\t\t<div class=\"elementor-widget-container\">\n\t\t\t\t\t\t\t<p>Ha publicado art\u00edculos cient\u00edficos en revistas indexadas como <em>Revista Comunicaci\u00f3n <\/em>del Instituto Tecnol\u00f3gico de Costa Rica, <em>Revista ASRI (Arte y Sociedad)<\/em> de la Universidad Rey Juan Carlos, <em>Revista VIVAT<\/em><em>\u00a0<\/em>adscrita a la Universidad de Alcal\u00e1 de Henares y posteriormente a las asociaciones culturales\u00a0Historia de los Sistemas Informativos\u00a0y\u00a0F\u00f3rum Internacional de Comunicaci\u00f3n y Relaciones P\u00fablicas (Forum XXI). Le han sido concedidas becas art\u00edsticas para el desarrollo de proyectos en instituciones como la <em>Fundaci\u00f3n Antonio Gala de <\/em>C\u00f3rdoba para j\u00f3venes creadores, la <em>Fundaci\u00f3n Uncastillo <\/em>de Zaragoza, las <em>ayudas a la creaci\u00f3n art\u00edstica<\/em><em>2010<\/em> de la Junta de Extremadura, la beca de realizaci\u00f3n de proyecto fotogr\u00e1fico gestionado por el colectivo Yox en Arteleku (San Sebasti\u00e1n), la beca <em>OFF Valladolid <\/em>organizado por la Universidad de Valladolid y el Festival Internacional de Cine SEMINCI Valladolid, o la beca art\u00edstica <em>Blanca<\/em> organizado por el espacioav de Murcia. Tambi\u00e9n fue becado para participar en el proyecto art\u00edstico <em>Artifariti<\/em> 2012 (S\u00e1hara Occidental) en un proyecto humanitario. En este mismo lugar, realiz\u00f3 en 2015 el documental <em>Mines Hurt<\/em>, realizado junto al artista, comisario y docente Isidro L\u00f3pez-Aparicio, el documental ha sido exhibido en museos de reconocido prestigio como el <em>Museo Reina Sof\u00eda de Madrid <\/em>o el <em>Museo MUSAC <\/em>de Le\u00f3n. Ha realizado exposiciones art\u00edsticas individuales y colectivas en instituciones como <em>CentroHuarte<\/em> (Navarra), el proyecto <em>C\u00e1ceresAbierto 2017<\/em> organizado por la Junta de Extremadura y comisariado por Jorge D\u00edez, el <em>Centro Cultural Marcos Valc\u00e1rcel <\/em>de Ourense, <em>Photoespa\u00f1a<\/em>, tambi\u00e9n en <em>La Industrial Art<\/em> en colaboraci\u00f3n con el <em>Espacio Islandia<\/em>, o el espacio <em>Lemonycoco<\/em> de C\u00e1ceres. Recientemente ha colaborado en el Congreso Internacional de G\u00e9nero Fant\u00e1stico, Audiovisuales y Nuevas Tecnolog\u00edas (Elche).<\/p>\t\t\t\t\t\t<\/div>\n\t\t\t\t<\/div>\n\t\t\t\t<div class=\"elementor-element elementor-element-6033aaf6 elementor-widget-divider--view-line elementor-widget elementor-widget-divider\" data-id=\"6033aaf6\" data-element_type=\"widget\" data-widget_type=\"divider.default\">\n\t\t\t\t<div class=\"elementor-widget-container\">\n\t\t\t\t\t<div class=\"elementor-divider\">\n\t\t\t<span class=\"elementor-divider-separator\">\n\t\t\t\t\t\t<\/span>\n\t\t<\/div>\n\t\t\t\t<\/div>\n\t\t\t\t<\/div>\n\t\t\t\t<div class=\"elementor-element elementor-element-2fd8aee6 elementor-widget-divider--view-line elementor-widget elementor-widget-divider\" data-id=\"2fd8aee6\" data-element_type=\"widget\" data-widget_type=\"divider.default\">\n\t\t\t\t<div class=\"elementor-widget-container\">\n\t\t\t\t\t<div class=\"elementor-divider\">\n\t\t\t<span class=\"elementor-divider-separator\">\n\t\t\t\t\t\t<\/span>\n\t\t<\/div>\n\t\t\t\t<\/div>\n\t\t\t\t<\/div>\n\t\t\t\t\t<\/div>\n\t\t<\/div>\n\t\t\t\t\t\t\t<\/div>\n\t\t<\/section>\n\t\t\t\t<section class=\"elementor-section elementor-top-section elementor-element elementor-element-52652eb1 elementor-section-stretched elementor-section-full_width elementor-hidden-desktop elementor-section-height-default elementor-section-height-default\" data-id=\"52652eb1\" data-element_type=\"section\" data-settings=\"{&quot;stretch_section&quot;:&quot;section-stretched&quot;}\">\n\t\t\t\t\t\t<div class=\"elementor-container elementor-column-gap-default\">\n\t\t\t\t\t<div class=\"elementor-column elementor-col-100 elementor-top-column elementor-element elementor-element-5e78cf48\" data-id=\"5e78cf48\" data-element_type=\"column\">\n\t\t\t<div class=\"elementor-widget-wrap elementor-element-populated\">\n\t\t\t\t\t\t\t\t<div class=\"elementor-element elementor-element-2f203583 elementor-widget elementor-widget-text-editor\" data-id=\"2f203583\" data-element_type=\"widget\" data-widget_type=\"text-editor.default\">\n\t\t\t\t<div class=\"elementor-widget-container\">\n\t\t\t\t\t\t\t<p style=\"text-align: left\">Francisco Cu\u00e9llar Santiago es investigador y profesor en el \u00c1rea de Est\u00e9tica y Teor\u00eda de las Artes del Departamento de Arte de la Universidad Miguel Hern\u00e1ndez. Tambi\u00e9n es coordinador de proyectos y dise\u00f1ador gr\u00e1fico en la editorial <em>Puntodepape<\/em>l (<a href=\"http:\/\/www.puntodepapel.es\/\">www.puntodepapel.es<\/a>), adem\u00e1s es realizador y editor en la productora audiovisual <em>Pulsarec<\/em> (<a href=\"http:\/\/www.pulsarec.es\/\">www.pulsarec.es<\/a>). Doctor en Bellas Artes por la Universidad de Granada en 2019, con la tesis <em>La educaci\u00f3n audiovisual. Una investigaci\u00f3n de interacci\u00f3n interdisciplinar en las artes audiovisuales y su relaci\u00f3n con el entorno educativo.<\/em> Imparte docencia audiovisual en diferentes niveles educativos, en la etapa de Secundaria a trav\u00e9s de los talleres de enriquecimiento extracurricular para alumnado de altas capacidades de la regi\u00f3n de Murcia (Consejer\u00eda de Educaci\u00f3n), como a profesores de Primaria y Secundaria a trav\u00e9s del Centro de Profesorado de las regiones de Madrid y Murcia. Tambi\u00e9n imparte docencia audiovisual en el Ayuntamiento de Madrid a trav\u00e9s de la direcci\u00f3n general de organizaci\u00f3n, r\u00e9gimen jur\u00eddico y formaci\u00f3n en la Escuela de Formaci\u00f3n del Ayuntamiento de Madrid. Anualmente imparte cursos audiovisuales para alumnado de la Facultad de Educaci\u00f3n de la Universidad de Murcia. Adem\u00e1s, ha impartido docencia audiovisual en el Centro de Investigaci\u00f3n Matem\u00e1tica (M\u00e9xico) perteneciente al Consejo Nacional de Ciencia y Tecnolog\u00eda. Durante el periodo de 2009 a 2019 imparti\u00f3 docencia audiovisual en el I.E.S. San Isidro de Madrid dentro de las actividades extraescolares del centro.<\/p>\t\t\t\t\t\t<\/div>\n\t\t\t\t<\/div>\n\t\t\t\t<div class=\"elementor-element elementor-element-5afcc798 elementor-widget-divider--view-line elementor-widget elementor-widget-divider\" data-id=\"5afcc798\" data-element_type=\"widget\" data-widget_type=\"divider.default\">\n\t\t\t\t<div class=\"elementor-widget-container\">\n\t\t\t\t\t<div class=\"elementor-divider\">\n\t\t\t<span class=\"elementor-divider-separator\">\n\t\t\t\t\t\t<\/span>\n\t\t<\/div>\n\t\t\t\t<\/div>\n\t\t\t\t<\/div>\n\t\t\t\t<div class=\"elementor-element elementor-element-becd7ff elementor-widget elementor-widget-text-editor\" data-id=\"becd7ff\" data-element_type=\"widget\" data-widget_type=\"text-editor.default\">\n\t\t\t\t<div class=\"elementor-widget-container\">\n\t\t\t\t\t\t\t<p style=\"text-align: left\">Ha publicado art\u00edculos cient\u00edficos en revistas indexadas como <em>Revista Comunicaci\u00f3n <\/em>del Instituto Tecnol\u00f3gico de Costa Rica, <em>Revista ASRI (Arte y Sociedad)<\/em> de la Universidad Rey Juan Carlos, <em>Revista VIVAT<\/em><em>\u00a0<\/em>adscrita a la Universidad de Alcal\u00e1 de Henares y posteriormente a las asociaciones culturales\u00a0Historia de los Sistemas Informativos\u00a0y\u00a0F\u00f3rum Internacional de Comunicaci\u00f3n y Relaciones P\u00fablicas (Forum XXI). Le han sido concedidas becas art\u00edsticas para el desarrollo de proyectos en instituciones como la <em>Fundaci\u00f3n Antonio Gala de <\/em>C\u00f3rdoba para j\u00f3venes creadores, la <em>Fundaci\u00f3n Uncastillo <\/em>de Zaragoza, las <em>ayudas a la creaci\u00f3n art\u00edstica<\/em><em>2010<\/em> de la Junta de Extremadura, la beca de realizaci\u00f3n de proyecto fotogr\u00e1fico gestionado por el colectivo Yox en Arteleku (San Sebasti\u00e1n), la beca <em>OFF Valladolid <\/em>organizado por la Universidad de Valladolid y el Festival Internacional de Cine SEMINCI Valladolid, o la beca art\u00edstica <em>Blanca<\/em> organizado por el espacioav de Murcia. Tambi\u00e9n fue becado para participar en el proyecto art\u00edstico <em>Artifariti<\/em> 2012 (S\u00e1hara Occidental) en un proyecto humanitario. En este mismo lugar, realiz\u00f3 en 2015 el documental <em>Mines Hurt<\/em>, realizado junto al artista, comisario y docente Isidro L\u00f3pez-Aparicio, el documental ha sido exhibido en museos de reconocido prestigio como el <em>Museo Reina Sof\u00eda de Madrid <\/em>o el <em>Museo MUSAC <\/em>de Le\u00f3n. Ha realizado exposiciones art\u00edsticas individuales y colectivas en instituciones como <em>CentroHuarte<\/em> (Navarra), el proyecto <em>C\u00e1ceresAbierto 2017<\/em> organizado por la Junta de Extremadura y comisariado por Jorge D\u00edez, el <em>Centro Cultural Marcos Valc\u00e1rcel <\/em>de Ourense, <em>Photoespa\u00f1a<\/em>, tambi\u00e9n en <em>La Industrial Art<\/em> en colaboraci\u00f3n con el <em>Espacio Islandia<\/em>, o el espacio <em>Lemonycoco<\/em> de C\u00e1ceres. Recientemente ha colaborado en el Congreso Internacional de G\u00e9nero Fant\u00e1stico, Audiovisuales y Nuevas Tecnolog\u00edas (Elche).<\/p>\t\t\t\t\t\t<\/div>\n\t\t\t\t<\/div>\n\t\t\t\t<div class=\"elementor-element elementor-element-1dc7aa9 elementor-widget elementor-widget-heading\" data-id=\"1dc7aa9\" data-element_type=\"widget\" data-widget_type=\"heading.default\">\n\t\t\t\t<div class=\"elementor-widget-container\">\n\t\t\t<h3 class=\"elementor-heading-title elementor-size-large\">Contacto<\/h3>\t\t<\/div>\n\t\t\t\t<\/div>\n\t\t\t\t<div class=\"elementor-element elementor-element-3096c00d elementor-align-right elementor-icon-list--layout-traditional elementor-list-item-link-full_width elementor-widget elementor-widget-icon-list\" data-id=\"3096c00d\" data-element_type=\"widget\" data-widget_type=\"icon-list.default\">\n\t\t\t\t<div class=\"elementor-widget-container\">\n\t\t\t\t\t<ul class=\"elementor-icon-list-items\">\n\t\t\t\t\t\t\t<li class=\"elementor-icon-list-item\">\n\t\t\t\t\t\t\t\t\t\t\t<span class=\"elementor-icon-list-icon\">\n\t\t\t\t\t\t\t<i aria-hidden=\"true\" class=\"far fa-envelope\"><\/i>\t\t\t\t\t\t<\/span>\n\t\t\t\t\t\t\t\t\t\t<span class=\"elementor-icon-list-text\"><a href=\"mailto:fcuellar@umh.es\">fcuellar@umh.es<\/a><\/span>\n\t\t\t\t\t\t\t\t\t<\/li>\n\t\t\t\t\t\t\t\t<li class=\"elementor-icon-list-item\">\n\t\t\t\t\t\t\t\t\t\t\t<a href=\"http:\/\/www.franciscocuellar.es\">\n\n\t\t\t\t\t\t\t\t\t\t\t\t<span class=\"elementor-icon-list-icon\">\n\t\t\t\t\t\t\t<i aria-hidden=\"true\" class=\"far fa-eye\"><\/i>\t\t\t\t\t\t<\/span>\n\t\t\t\t\t\t\t\t\t\t<span class=\"elementor-icon-list-text\">www.franciscocuellar.es<\/span>\n\t\t\t\t\t\t\t\t\t\t\t<\/a>\n\t\t\t\t\t\t\t\t\t<\/li>\n\t\t\t\t\t\t<\/ul>\n\t\t\t\t<\/div>\n\t\t\t\t<\/div>\n\t\t\t\t\t<\/div>\n\t\t<\/div>\n\t\t\t\t\t\t\t<\/div>\n\t\t<\/section>\n\t\t\t\t\t\t<\/div>\n\t\t\t\t\t<\/div>\n\t\t","protected":false},"excerpt":{"rendered":"<p>Francisco Cu\u00e9llar<br \/>\nCreaci\u00f3n audiovisual y videoarte aplicados a la alfabetizaci\u00f3n medi\u00e1tica<br \/>\nFrancisco Cu\u00e9llar<br \/>\nCreaci\u00f3n audiovisual y videoarte aplicados a la alfabetizaci\u00f3n medi\u00e1tica<\/p>\n<p>Francisco Cu\u00e9llar Santiago es investigador y profesor en el \u00c1rea de Est\u00e9tica y Teor\u00eda de las Artes del Departamento de Arte de la Universidad Miguel Hern\u00e1ndez. Tambi\u00e9n es coordinador de proyectos y dise\u00f1ador gr\u00e1fico en la editorial [&#8230;]<\/p>\n","protected":false},"author":5001,"featured_media":0,"parent":0,"menu_order":0,"comment_status":"closed","ping_status":"closed","template":"","meta":{"_et_pb_use_builder":"","_et_pb_old_content":"","_et_gb_content_width":"","_links_to":"","_links_to_target":""},"_links":{"self":[{"href":"https:\/\/grupomassiva.umh.es\/ca\/wp-json\/wp\/v2\/pages\/19703"}],"collection":[{"href":"https:\/\/grupomassiva.umh.es\/ca\/wp-json\/wp\/v2\/pages"}],"about":[{"href":"https:\/\/grupomassiva.umh.es\/ca\/wp-json\/wp\/v2\/types\/page"}],"author":[{"embeddable":true,"href":"https:\/\/grupomassiva.umh.es\/ca\/wp-json\/wp\/v2\/users\/5001"}],"replies":[{"embeddable":true,"href":"https:\/\/grupomassiva.umh.es\/ca\/wp-json\/wp\/v2\/comments?post=19703"}],"version-history":[{"count":0,"href":"https:\/\/grupomassiva.umh.es\/ca\/wp-json\/wp\/v2\/pages\/19703\/revisions"}],"wp:attachment":[{"href":"https:\/\/grupomassiva.umh.es\/ca\/wp-json\/wp\/v2\/media?parent=19703"}],"curies":[{"name":"wp","href":"https:\/\/api.w.org\/{rel}","templated":true}]}}