{"id":19718,"date":"2024-06-19T18:39:53","date_gmt":"2024-06-19T16:39:53","guid":{"rendered":"https:\/\/grupomassiva.umh.es\/bio-guillermo-lopez\/"},"modified":"2024-06-19T18:39:53","modified_gmt":"2024-06-19T16:39:53","slug":"bio-guillermo-lopez","status":"publish","type":"page","link":"https:\/\/grupomassiva.umh.es\/ca\/bio-guillermo-lopez\/","title":{"rendered":"Bio Guillermo L\u00f3pez"},"content":{"rendered":"\t\t<div data-elementor-type=\"wp-page\" data-elementor-id=\"19718\" class=\"elementor elementor-19718\" data-elementor-settings=\"[]\">\n\t\t\t\t\t\t\t<div class=\"elementor-section-wrap\">\n\t\t\t\t\t\t\t<section class=\"elementor-section elementor-top-section elementor-element elementor-element-7cd92915 elementor-hidden-tablet elementor-hidden-phone elementor-section-boxed elementor-section-height-default elementor-section-height-default\" data-id=\"7cd92915\" data-element_type=\"section\">\n\t\t\t\t\t\t<div class=\"elementor-container elementor-column-gap-default\">\n\t\t\t\t\t<div class=\"elementor-column elementor-col-100 elementor-top-column elementor-element elementor-element-6b77b114\" data-id=\"6b77b114\" data-element_type=\"column\" data-settings=\"{&quot;background_background&quot;:&quot;none&quot;}\">\n\t\t\t<div class=\"elementor-widget-wrap elementor-element-populated\">\n\t\t\t\t\t\t\t\t<div class=\"elementor-element elementor-element-752d2661 elementor-widget elementor-widget-heading\" data-id=\"752d2661\" data-element_type=\"widget\" data-widget_type=\"heading.default\">\n\t\t\t\t<div class=\"elementor-widget-container\">\n\t\t\t<h4 class=\"elementor-heading-title elementor-size-medium\">Guillermo L\u00f3pez<\/h4>\t\t<\/div>\n\t\t\t\t<\/div>\n\t\t\t\t<div class=\"elementor-element elementor-element-5d910e81 elementor-widget elementor-widget-heading\" data-id=\"5d910e81\" data-element_type=\"widget\" data-widget_type=\"heading.default\">\n\t\t\t\t<div class=\"elementor-widget-container\">\n\t\t\t<h4 class=\"elementor-heading-title elementor-size-medium\">Montaje audiovisual<\/h4>\t\t<\/div>\n\t\t\t\t<\/div>\n\t\t\t\t\t<\/div>\n\t\t<\/div>\n\t\t\t\t\t\t\t<\/div>\n\t\t<\/section>\n\t\t\t\t<section class=\"elementor-section elementor-top-section elementor-element elementor-element-61f9ee5f elementor-hidden-desktop elementor-section-boxed elementor-section-height-default elementor-section-height-default\" data-id=\"61f9ee5f\" data-element_type=\"section\">\n\t\t\t\t\t\t<div class=\"elementor-container elementor-column-gap-default\">\n\t\t\t\t\t<div class=\"elementor-column elementor-col-100 elementor-top-column elementor-element elementor-element-54075c0a\" data-id=\"54075c0a\" data-element_type=\"column\" data-settings=\"{&quot;background_background&quot;:&quot;none&quot;}\">\n\t\t\t<div class=\"elementor-widget-wrap elementor-element-populated\">\n\t\t\t\t\t\t\t\t<div class=\"elementor-element elementor-element-41b23a3 elementor-widget elementor-widget-heading\" data-id=\"41b23a3\" data-element_type=\"widget\" data-widget_type=\"heading.default\">\n\t\t\t\t<div class=\"elementor-widget-container\">\n\t\t\t<h4 class=\"elementor-heading-title elementor-size-medium\">Guillermo L\u00f3pez<\/h4>\t\t<\/div>\n\t\t\t\t<\/div>\n\t\t\t\t<div class=\"elementor-element elementor-element-6f99d22f elementor-widget elementor-widget-heading\" data-id=\"6f99d22f\" data-element_type=\"widget\" data-widget_type=\"heading.default\">\n\t\t\t\t<div class=\"elementor-widget-container\">\n\t\t\t<h4 class=\"elementor-heading-title elementor-size-medium\">Montaje audiovisual<\/h4>\t\t<\/div>\n\t\t\t\t<\/div>\n\t\t\t\t\t<\/div>\n\t\t<\/div>\n\t\t\t\t\t\t\t<\/div>\n\t\t<\/section>\n\t\t\t\t<section class=\"elementor-section elementor-top-section elementor-element elementor-element-18af6c70 elementor-section-full_width elementor-section-content-top elementor-section-height-default elementor-section-height-default\" data-id=\"18af6c70\" data-element_type=\"section\">\n\t\t\t\t\t\t<div class=\"elementor-container elementor-column-gap-default\">\n\t\t\t\t\t<div class=\"elementor-column elementor-col-100 elementor-top-column elementor-element elementor-element-60ee913d\" data-id=\"60ee913d\" data-element_type=\"column\">\n\t\t\t<div class=\"elementor-widget-wrap elementor-element-populated\">\n\t\t\t\t\t\t\t\t<div class=\"elementor-element elementor-element-6ad887dc elementor-widget elementor-widget-image\" data-id=\"6ad887dc\" data-element_type=\"widget\" data-widget_type=\"image.default\">\n\t\t\t\t<div class=\"elementor-widget-container\">\n\t\t\t\t\t\t\t\t\t\t\t\t\t\t\t<img src=\"https:\/\/grupomassiva.umh.es\/files\/2024\/05\/guillermo_2.jpg\" title=\"\" alt=\"\" \/>\t\t\t\t\t\t\t\t\t\t\t\t\t\t\t<\/div>\n\t\t\t\t<\/div>\n\t\t\t\t\t<\/div>\n\t\t<\/div>\n\t\t\t\t\t\t\t<\/div>\n\t\t<\/section>\n\t\t\t\t<section class=\"elementor-section elementor-top-section elementor-element elementor-element-4d6a7219 elementor-hidden-tablet elementor-hidden-phone elementor-section-boxed elementor-section-height-default elementor-section-height-default\" data-id=\"4d6a7219\" data-element_type=\"section\">\n\t\t\t\t\t\t<div class=\"elementor-container elementor-column-gap-default\">\n\t\t\t\t\t<div class=\"elementor-column elementor-col-50 elementor-top-column elementor-element elementor-element-5cb072cb\" data-id=\"5cb072cb\" data-element_type=\"column\">\n\t\t\t<div class=\"elementor-widget-wrap elementor-element-populated\">\n\t\t\t\t\t\t\t\t<div class=\"elementor-element elementor-element-22dd412b elementor-widget elementor-widget-text-editor\" data-id=\"22dd412b\" data-element_type=\"widget\" data-widget_type=\"text-editor.default\">\n\t\t\t\t<div class=\"elementor-widget-container\">\n\t\t\t\t\t\t\t<p>Doctor por la Universidad Polit\u00e9cnica de Valencia (Programa de Doctorado en Arte: producci\u00f3n e investigaci\u00f3n) con la calificaci\u00f3n de sobresaliente cum laude y menci\u00f3n a Premio Extraordinario de Doctorado. Desde 2014 ocupa plaza de profesor asociado del \u00c1rea de Est\u00e9tica y Teor\u00eda de las Artes, perteneciente al Departamento de Arte de la Universidad Miguel Hern\u00e1ndez de Elche, impartiendo la asignatura \u201cTeor\u00eda y Pr\u00e1ctica de la Edici\u00f3n y el Montaje\u201d en el Grado en Comunicaci\u00f3n Audiovisual. Asimismo, forma parte del Grupo de Investigaci\u00f3n <em>Massiva<\/em> del Departamento de Arte de esta misma Universidad desde su creaci\u00f3n en 2015, con el que realiza numerosos proyectos de investigaci\u00f3n, tanto te\u00f3rica como aplicada. Igualmente ejerce como Director de la Escuela de Cine UMH, un programa formativo pionero en formaci\u00f3n aplicada en el \u00e1mbito cinematogr\u00e1fico, Director del Seminario de Creatividad y Lenguaje Audiovisual, del cual se han realizado cinco ediciones hasta la fecha, y Codirector del Seminario Internacional de Postproducci\u00f3n y Arte Digital, del que se han realizado cuatro ediciones.<\/p>\t\t\t\t\t\t<\/div>\n\t\t\t\t<\/div>\n\t\t\t\t<div class=\"elementor-element elementor-element-42c06c0b elementor-widget-divider--view-line elementor-widget elementor-widget-divider\" data-id=\"42c06c0b\" data-element_type=\"widget\" data-widget_type=\"divider.default\">\n\t\t\t\t<div class=\"elementor-widget-container\">\n\t\t\t\t\t<div class=\"elementor-divider\">\n\t\t\t<span class=\"elementor-divider-separator\">\n\t\t\t\t\t\t<\/span>\n\t\t<\/div>\n\t\t\t\t<\/div>\n\t\t\t\t<\/div>\n\t\t\t\t<div class=\"elementor-element elementor-element-2ba0375f elementor-widget elementor-widget-heading\" data-id=\"2ba0375f\" data-element_type=\"widget\" data-widget_type=\"heading.default\">\n\t\t\t\t<div class=\"elementor-widget-container\">\n\t\t\t<h3 class=\"elementor-heading-title elementor-size-large\">Contacto<\/h3>\t\t<\/div>\n\t\t\t\t<\/div>\n\t\t\t\t<div class=\"elementor-element elementor-element-373ac4e0 elementor-align-right elementor-icon-list--layout-traditional elementor-list-item-link-full_width elementor-widget elementor-widget-icon-list\" data-id=\"373ac4e0\" data-element_type=\"widget\" data-widget_type=\"icon-list.default\">\n\t\t\t\t<div class=\"elementor-widget-container\">\n\t\t\t\t\t<ul class=\"elementor-icon-list-items\">\n\t\t\t\t\t\t\t<li class=\"elementor-icon-list-item\">\n\t\t\t\t\t\t\t\t\t\t\t<span class=\"elementor-icon-list-icon\">\n\t\t\t\t\t\t\t<i aria-hidden=\"true\" class=\"far fa-envelope\"><\/i>\t\t\t\t\t\t<\/span>\n\t\t\t\t\t\t\t\t\t\t<span class=\"elementor-icon-list-text\"><a href=\"mailto:guillermo.lopeza@umh.es\">guillermo.lopeza@umh.es<\/a><\/span>\n\t\t\t\t\t\t\t\t\t<\/li>\n\t\t\t\t\t\t<\/ul>\n\t\t\t\t<\/div>\n\t\t\t\t<\/div>\n\t\t\t\t\t<\/div>\n\t\t<\/div>\n\t\t\t\t<div class=\"elementor-column elementor-col-50 elementor-top-column elementor-element elementor-element-43adf29a\" data-id=\"43adf29a\" data-element_type=\"column\">\n\t\t\t<div class=\"elementor-widget-wrap elementor-element-populated\">\n\t\t\t\t\t\t\t\t<div class=\"elementor-element elementor-element-6c9139d6 elementor-widget elementor-widget-text-editor\" data-id=\"6c9139d6\" data-element_type=\"widget\" data-widget_type=\"text-editor.default\">\n\t\t\t\t<div class=\"elementor-widget-container\">\n\t\t\t\t\t\t\t<p>En los \u00faltimos a\u00f1os ha participado, adem\u00e1s, como jurado en numerosos festivales calificadores para los Premios Goya como el Festival Internacional de Cine Independiente de Elche (2017, 2019 y 2020), Festival de Alicante (2019) y Festival de Sant Joan d\u00b4Alacant (2017-2018-2019-2020). Desde 2013 ejerce tambi\u00e9n las funciones de T\u00e9cnico especialista en Comunicaci\u00f3n en el Servicio de Innovaci\u00f3n y Apoyo T\u00e9cnico a la Docencia y a la Investigaci\u00f3n en la Universidad Miguel Hern\u00e1ndez de Elche. Respecto a su formaci\u00f3n acad\u00e9mica, posee adem\u00e1s de un M\u00e1ster en Artes Visuales y Multimedia por la Universidad Polit\u00e9cnica de Valencia, una Licenciatura en Publicidad y Relaciones P\u00fablicas por la Universidad de Alicante, una Licenciatura en Periodismo por la Universidad de Murcia y una Licenciatura en Comunicaci\u00f3n Audiovisual por la Universidad Polit\u00e9cnica de Valencia. Asimismo, desde el a\u00f1o 2010 ha venido desarrollando su actividad profesional en el \u00e1mbito de la comunicaci\u00f3n para distintas empresas e instituciones en los que he desempe\u00f1ado funciones en perfiles diversos, como creativo publicitario, copywriter y redactor de textos, realizador audiovisual o editor y postproductor de v\u00eddeo.<\/p>\t\t\t\t\t\t<\/div>\n\t\t\t\t<\/div>\n\t\t\t\t<div class=\"elementor-element elementor-element-330a2896 elementor-widget-divider--view-line elementor-widget elementor-widget-divider\" data-id=\"330a2896\" data-element_type=\"widget\" data-widget_type=\"divider.default\">\n\t\t\t\t<div class=\"elementor-widget-container\">\n\t\t\t\t\t<div class=\"elementor-divider\">\n\t\t\t<span class=\"elementor-divider-separator\">\n\t\t\t\t\t\t<\/span>\n\t\t<\/div>\n\t\t\t\t<\/div>\n\t\t\t\t<\/div>\n\t\t\t\t<div class=\"elementor-element elementor-element-4ebe044b elementor-widget-divider--view-line elementor-widget elementor-widget-divider\" data-id=\"4ebe044b\" data-element_type=\"widget\" data-widget_type=\"divider.default\">\n\t\t\t\t<div class=\"elementor-widget-container\">\n\t\t\t\t\t<div class=\"elementor-divider\">\n\t\t\t<span class=\"elementor-divider-separator\">\n\t\t\t\t\t\t<\/span>\n\t\t<\/div>\n\t\t\t\t<\/div>\n\t\t\t\t<\/div>\n\t\t\t\t\t<\/div>\n\t\t<\/div>\n\t\t\t\t\t\t\t<\/div>\n\t\t<\/section>\n\t\t\t\t<section class=\"elementor-section elementor-top-section elementor-element elementor-element-35aef4c9 elementor-section-stretched elementor-section-full_width elementor-hidden-desktop elementor-section-height-default elementor-section-height-default\" data-id=\"35aef4c9\" data-element_type=\"section\" data-settings=\"{&quot;stretch_section&quot;:&quot;section-stretched&quot;}\">\n\t\t\t\t\t\t<div class=\"elementor-container elementor-column-gap-default\">\n\t\t\t\t\t<div class=\"elementor-column elementor-col-100 elementor-top-column elementor-element elementor-element-1d2346ee\" data-id=\"1d2346ee\" data-element_type=\"column\">\n\t\t\t<div class=\"elementor-widget-wrap elementor-element-populated\">\n\t\t\t\t\t\t\t\t<div class=\"elementor-element elementor-element-fd447ff elementor-widget elementor-widget-text-editor\" data-id=\"fd447ff\" data-element_type=\"widget\" data-widget_type=\"text-editor.default\">\n\t\t\t\t<div class=\"elementor-widget-container\">\n\t\t\t\t\t\t\t<p style=\"text-align: left\">Doctor por la Universidad Polit\u00e9cnica de Valencia (Programa de Doctorado en Arte: producci\u00f3n e investigaci\u00f3n) con la calificaci\u00f3n de sobresaliente cum laude y menci\u00f3n a Premio Extraordinario de Doctorado. Desde 2014 ocupa plaza de profesor asociado del \u00c1rea de Est\u00e9tica y Teor\u00eda de las Artes, perteneciente al Departamento de Arte de la Universidad Miguel Hern\u00e1ndez de Elche, impartiendo la asignatura \u201cTeor\u00eda y Pr\u00e1ctica de la Edici\u00f3n y el Montaje\u201d en el Grado en Comunicaci\u00f3n Audiovisual. Asimismo, forma parte del Grupo de Investigaci\u00f3n <em>Massiva<\/em> del Departamento de Arte de esta misma Universidad desde su creaci\u00f3n en 2015, con el que realiza numerosos proyectos de investigaci\u00f3n, tanto te\u00f3rica como aplicada. Igualmente ejerce como Director de la Escuela de Cine UMH, un programa formativo pionero en formaci\u00f3n aplicada en el \u00e1mbito cinematogr\u00e1fico, Director del Seminario de Creatividad y Lenguaje Audiovisual, del cual se han realizado cinco ediciones hasta la fecha, y Codirector del Seminario Internacional de Postproducci\u00f3n y Arte Digital, del que se han realizado cuatro ediciones.<\/p>\t\t\t\t\t\t<\/div>\n\t\t\t\t<\/div>\n\t\t\t\t<div class=\"elementor-element elementor-element-467d815 elementor-widget-divider--view-line elementor-widget elementor-widget-divider\" data-id=\"467d815\" data-element_type=\"widget\" data-widget_type=\"divider.default\">\n\t\t\t\t<div class=\"elementor-widget-container\">\n\t\t\t\t\t<div class=\"elementor-divider\">\n\t\t\t<span class=\"elementor-divider-separator\">\n\t\t\t\t\t\t<\/span>\n\t\t<\/div>\n\t\t\t\t<\/div>\n\t\t\t\t<\/div>\n\t\t\t\t<div class=\"elementor-element elementor-element-701f0480 elementor-widget elementor-widget-text-editor\" data-id=\"701f0480\" data-element_type=\"widget\" data-widget_type=\"text-editor.default\">\n\t\t\t\t<div class=\"elementor-widget-container\">\n\t\t\t\t\t\t\t<p style=\"text-align: left\">En los \u00faltimos a\u00f1os ha participado, adem\u00e1s, como jurado en numerosos festivales calificadores para los Premios Goya como el Festival Internacional de Cine Independiente de Elche (2017, 2019 y 2020), Festival de Alicante (2019) y Festival de Sant Joan d\u00b4Alacant (2017-2018-2019-2020). Desde 2013 ejerce tambi\u00e9n las funciones de T\u00e9cnico especialista en Comunicaci\u00f3n en el Servicio de Innovaci\u00f3n y Apoyo T\u00e9cnico a la Docencia y a la Investigaci\u00f3n en la Universidad Miguel Hern\u00e1ndez de Elche. Respecto a su formaci\u00f3n acad\u00e9mica, posee adem\u00e1s de un M\u00e1ster en Artes Visuales y Multimedia por la Universidad Polit\u00e9cnica de Valencia, una Licenciatura en Publicidad y Relaciones P\u00fablicas por la Universidad de Alicante, una Licenciatura en Periodismo por la Universidad de Murcia y una Licenciatura en Comunicaci\u00f3n Audiovisual por la Universidad Polit\u00e9cnica de Valencia. Asimismo, desde el a\u00f1o 2010 ha venido desarrollando su actividad profesional en el \u00e1mbito de la comunicaci\u00f3n para distintas empresas e instituciones en los que he desempe\u00f1ado funciones en perfiles diversos, como creativo publicitario, copywriter y redactor de textos, realizador audiovisual o editor y postproductor de v\u00eddeo.<\/p>\t\t\t\t\t\t<\/div>\n\t\t\t\t<\/div>\n\t\t\t\t<div class=\"elementor-element elementor-element-1a54f007 elementor-widget elementor-widget-heading\" data-id=\"1a54f007\" data-element_type=\"widget\" data-widget_type=\"heading.default\">\n\t\t\t\t<div class=\"elementor-widget-container\">\n\t\t\t<h3 class=\"elementor-heading-title elementor-size-large\">Contacto<\/h3>\t\t<\/div>\n\t\t\t\t<\/div>\n\t\t\t\t<div class=\"elementor-element elementor-element-33a46ec7 elementor-align-right elementor-icon-list--layout-traditional elementor-list-item-link-full_width elementor-widget elementor-widget-icon-list\" data-id=\"33a46ec7\" data-element_type=\"widget\" data-widget_type=\"icon-list.default\">\n\t\t\t\t<div class=\"elementor-widget-container\">\n\t\t\t\t\t<ul class=\"elementor-icon-list-items\">\n\t\t\t\t\t\t\t<li class=\"elementor-icon-list-item\">\n\t\t\t\t\t\t\t\t\t\t\t<span class=\"elementor-icon-list-icon\">\n\t\t\t\t\t\t\t<i aria-hidden=\"true\" class=\"far fa-envelope\"><\/i>\t\t\t\t\t\t<\/span>\n\t\t\t\t\t\t\t\t\t\t<span class=\"elementor-icon-list-text\"><a href=\"mailto:guillermo.lopeza@umh.es\">guillermo.lopeza@umh.es<\/a><\/span>\n\t\t\t\t\t\t\t\t\t<\/li>\n\t\t\t\t\t\t<\/ul>\n\t\t\t\t<\/div>\n\t\t\t\t<\/div>\n\t\t\t\t\t<\/div>\n\t\t<\/div>\n\t\t\t\t\t\t\t<\/div>\n\t\t<\/section>\n\t\t\t\t\t\t<\/div>\n\t\t\t\t\t<\/div>\n\t\t","protected":false},"excerpt":{"rendered":"<p>Guillermo L\u00f3pez<br \/>\nMontaje audiovisual<br \/>\nGuillermo L\u00f3pez<br \/>\nMontaje audiovisual<\/p>\n<p>Doctor por la Universidad Polit\u00e9cnica de Valencia (Programa de Doctorado en Arte: producci\u00f3n e investigaci\u00f3n) con la calificaci\u00f3n de sobresaliente cum laude y menci\u00f3n a Premio Extraordinario de Doctorado. Desde 2014 ocupa plaza de profesor asociado del \u00c1rea de Est\u00e9tica y Teor\u00eda de las Artes, perteneciente al Departamento de Arte de [&#8230;]<\/p>\n","protected":false},"author":5001,"featured_media":0,"parent":0,"menu_order":0,"comment_status":"closed","ping_status":"closed","template":"","meta":{"_et_pb_use_builder":"","_et_pb_old_content":"","_et_gb_content_width":"","_links_to":"","_links_to_target":""},"_links":{"self":[{"href":"https:\/\/grupomassiva.umh.es\/ca\/wp-json\/wp\/v2\/pages\/19718"}],"collection":[{"href":"https:\/\/grupomassiva.umh.es\/ca\/wp-json\/wp\/v2\/pages"}],"about":[{"href":"https:\/\/grupomassiva.umh.es\/ca\/wp-json\/wp\/v2\/types\/page"}],"author":[{"embeddable":true,"href":"https:\/\/grupomassiva.umh.es\/ca\/wp-json\/wp\/v2\/users\/5001"}],"replies":[{"embeddable":true,"href":"https:\/\/grupomassiva.umh.es\/ca\/wp-json\/wp\/v2\/comments?post=19718"}],"version-history":[{"count":0,"href":"https:\/\/grupomassiva.umh.es\/ca\/wp-json\/wp\/v2\/pages\/19718\/revisions"}],"wp:attachment":[{"href":"https:\/\/grupomassiva.umh.es\/ca\/wp-json\/wp\/v2\/media?parent=19718"}],"curies":[{"name":"wp","href":"https:\/\/api.w.org\/{rel}","templated":true}]}}