{"id":19721,"date":"2024-06-19T18:39:53","date_gmt":"2024-06-19T16:39:53","guid":{"rendered":"https:\/\/grupomassiva.umh.es\/bio-mario-paul-martinez\/"},"modified":"2024-06-19T18:39:53","modified_gmt":"2024-06-19T16:39:53","slug":"bio-mario-paul-martinez","status":"publish","type":"page","link":"https:\/\/grupomassiva.umh.es\/ca\/bio-mario-paul-martinez\/","title":{"rendered":"Bio Mario-Paul Mart\u00ednez"},"content":{"rendered":"\t\t<div data-elementor-type=\"wp-page\" data-elementor-id=\"19721\" class=\"elementor elementor-19721\" data-elementor-settings=\"[]\">\n\t\t\t\t\t\t\t<div class=\"elementor-section-wrap\">\n\t\t\t\t\t\t\t<section class=\"elementor-section elementor-top-section elementor-element elementor-element-c5698eb elementor-hidden-tablet elementor-hidden-phone elementor-section-boxed elementor-section-height-default elementor-section-height-default\" data-id=\"c5698eb\" data-element_type=\"section\">\n\t\t\t\t\t\t<div class=\"elementor-container elementor-column-gap-default\">\n\t\t\t\t\t<div class=\"elementor-column elementor-col-100 elementor-top-column elementor-element elementor-element-6c7edd0\" data-id=\"6c7edd0\" data-element_type=\"column\" data-settings=\"{&quot;background_background&quot;:&quot;none&quot;}\">\n\t\t\t<div class=\"elementor-widget-wrap elementor-element-populated\">\n\t\t\t\t\t\t\t\t<div class=\"elementor-element elementor-element-56ea9128 elementor-widget elementor-widget-heading\" data-id=\"56ea9128\" data-element_type=\"widget\" data-widget_type=\"heading.default\">\n\t\t\t\t<div class=\"elementor-widget-container\">\n\t\t\t<h4 class=\"elementor-heading-title elementor-size-medium\">Mario-Paul Mart\u00cdnez<\/h4>\t\t<\/div>\n\t\t\t\t<\/div>\n\t\t\t\t<div class=\"elementor-element elementor-element-107b86c1 elementor-widget elementor-widget-heading\" data-id=\"107b86c1\" data-element_type=\"widget\" data-widget_type=\"heading.default\">\n\t\t\t\t<div class=\"elementor-widget-container\">\n\t\t\t<h6 class=\"elementor-heading-title elementor-size-default\">Director del Grupo de Investigaci\u00f3n <em>Massiva<\/em><br>\n\nProyectos e investigaciones vinculados a la posproducci\u00f3n y al videojuego <\/h6>\t\t<\/div>\n\t\t\t\t<\/div>\n\t\t\t\t\t<\/div>\n\t\t<\/div>\n\t\t\t\t\t\t\t<\/div>\n\t\t<\/section>\n\t\t\t\t<section class=\"elementor-section elementor-top-section elementor-element elementor-element-53a9a518 elementor-hidden-desktop elementor-section-boxed elementor-section-height-default elementor-section-height-default\" data-id=\"53a9a518\" data-element_type=\"section\">\n\t\t\t\t\t\t<div class=\"elementor-container elementor-column-gap-default\">\n\t\t\t\t\t<div class=\"elementor-column elementor-col-100 elementor-top-column elementor-element elementor-element-1a772c71\" data-id=\"1a772c71\" data-element_type=\"column\" data-settings=\"{&quot;background_background&quot;:&quot;none&quot;}\">\n\t\t\t<div class=\"elementor-widget-wrap elementor-element-populated\">\n\t\t\t\t\t\t\t\t<div class=\"elementor-element elementor-element-3ac172aa elementor-widget elementor-widget-heading\" data-id=\"3ac172aa\" data-element_type=\"widget\" data-widget_type=\"heading.default\">\n\t\t\t\t<div class=\"elementor-widget-container\">\n\t\t\t<h4 class=\"elementor-heading-title elementor-size-medium\">Mario-Paul Mart\u00cdnez<\/h4>\t\t<\/div>\n\t\t\t\t<\/div>\n\t\t\t\t<div class=\"elementor-element elementor-element-272807d8 elementor-widget elementor-widget-heading\" data-id=\"272807d8\" data-element_type=\"widget\" data-widget_type=\"heading.default\">\n\t\t\t\t<div class=\"elementor-widget-container\">\n\t\t\t<h6 class=\"elementor-heading-title elementor-size-default\">Director del Grupo de Investigaci\u00f3n <em>Massiva<\/em><br>\n\nProyectos e investigaciones vinculados a la posproducci\u00f3n y al videojuego <\/h6>\t\t<\/div>\n\t\t\t\t<\/div>\n\t\t\t\t\t<\/div>\n\t\t<\/div>\n\t\t\t\t\t\t\t<\/div>\n\t\t<\/section>\n\t\t\t\t<section class=\"elementor-section elementor-top-section elementor-element elementor-element-1981206c elementor-section-full_width elementor-section-content-top elementor-section-height-default elementor-section-height-default\" data-id=\"1981206c\" data-element_type=\"section\">\n\t\t\t\t\t\t<div class=\"elementor-container elementor-column-gap-default\">\n\t\t\t\t\t<div class=\"elementor-column elementor-col-100 elementor-top-column elementor-element elementor-element-7e0a505b\" data-id=\"7e0a505b\" data-element_type=\"column\">\n\t\t\t<div class=\"elementor-widget-wrap elementor-element-populated\">\n\t\t\t\t\t\t\t\t<div class=\"elementor-element elementor-element-34c723c5 elementor-widget elementor-widget-image\" data-id=\"34c723c5\" data-element_type=\"widget\" data-widget_type=\"image.default\">\n\t\t\t\t<div class=\"elementor-widget-container\">\n\t\t\t\t\t\t\t\t\t\t\t\t\t\t\t<img src=\"https:\/\/grupomassiva.umh.es\/files\/2024\/05\/mario_massiva.jpg\" title=\"\" alt=\"\" \/>\t\t\t\t\t\t\t\t\t\t\t\t\t\t\t<\/div>\n\t\t\t\t<\/div>\n\t\t\t\t\t<\/div>\n\t\t<\/div>\n\t\t\t\t\t\t\t<\/div>\n\t\t<\/section>\n\t\t\t\t<section class=\"elementor-section elementor-top-section elementor-element elementor-element-123c37ef elementor-hidden-tablet elementor-hidden-phone elementor-section-boxed elementor-section-height-default elementor-section-height-default\" data-id=\"123c37ef\" data-element_type=\"section\">\n\t\t\t\t\t\t<div class=\"elementor-container elementor-column-gap-default\">\n\t\t\t\t\t<div class=\"elementor-column elementor-col-50 elementor-top-column elementor-element elementor-element-2111f1a2\" data-id=\"2111f1a2\" data-element_type=\"column\">\n\t\t\t<div class=\"elementor-widget-wrap elementor-element-populated\">\n\t\t\t\t\t\t\t\t<div class=\"elementor-element elementor-element-7b7afaf6 elementor-widget elementor-widget-text-editor\" data-id=\"7b7afaf6\" data-element_type=\"widget\" data-widget_type=\"text-editor.default\">\n\t\t\t\t<div class=\"elementor-widget-container\">\n\t\t\t\t\t\t\t<p>Mario-Paul Mart\u00ednez es investigador, profesor y coordinador del \u00c1rea de Est\u00e9tica y Teor\u00eda de las Arte del Departamento de Arte de la Universidad Miguel Hern\u00e1ndez. Tambi\u00e9n ejerce como coordinador del \u00c1rea de Patrimonio Hist\u00f3rico, Art\u00edstico y Cient\u00edfico de la misma Universidad y es, adem\u00e1s, director del Grupo de Investigaci\u00f3n <em>Massiva <\/em>que estudia la interrelaci\u00f3n de las artes audiovisuales y la cultura de masas, y docente en el m\u00e1ster MUPIA y en el m\u00e1ster MUECA en Estudios Culturales y Artes Visuales en la Facultad de Bellas Artes de Altea. Doctor internacional y Premio extraordinario de Doctorado, en 2015, con la tesis <em>Cine y Videojuegos. Adaptaciones y representaciones de la l\u00fadica digital en la pantalla cinematogr\u00e1fica<\/em>. Imparte, desde hace m\u00e1s de 10 a\u00f1os, clases de videojuegos y efectos especiales en la universidad, y ha sido becado en diversos centros de investigaci\u00f3n en Toulouse (Francia), Lausana (Suiza) o Montreal (Canad\u00e1), entre otros, para investigar sobre la relaci\u00f3n entre estos medios con el Cine y con el campo de la Historia. Durante el periodo 2007-2012 fue tambi\u00e9n profesor en el Centro de Ense\u00f1anza Superior Ciudad de la Luz.<\/p>\t\t\t\t\t\t<\/div>\n\t\t\t\t<\/div>\n\t\t\t\t<div class=\"elementor-element elementor-element-49d45fd4 elementor-widget-divider--view-line elementor-widget elementor-widget-divider\" data-id=\"49d45fd4\" data-element_type=\"widget\" data-widget_type=\"divider.default\">\n\t\t\t\t<div class=\"elementor-widget-container\">\n\t\t\t\t\t<div class=\"elementor-divider\">\n\t\t\t<span class=\"elementor-divider-separator\">\n\t\t\t\t\t\t<\/span>\n\t\t<\/div>\n\t\t\t\t<\/div>\n\t\t\t\t<\/div>\n\t\t\t\t<div class=\"elementor-element elementor-element-309915bb elementor-widget elementor-widget-heading\" data-id=\"309915bb\" data-element_type=\"widget\" data-widget_type=\"heading.default\">\n\t\t\t\t<div class=\"elementor-widget-container\">\n\t\t\t<h3 class=\"elementor-heading-title elementor-size-large\">Contacto<\/h3>\t\t<\/div>\n\t\t\t\t<\/div>\n\t\t\t\t<div class=\"elementor-element elementor-element-4de5738f elementor-align-right elementor-icon-list--layout-traditional elementor-list-item-link-full_width elementor-widget elementor-widget-icon-list\" data-id=\"4de5738f\" data-element_type=\"widget\" data-widget_type=\"icon-list.default\">\n\t\t\t\t<div class=\"elementor-widget-container\">\n\t\t\t\t\t<ul class=\"elementor-icon-list-items\">\n\t\t\t\t\t\t\t<li class=\"elementor-icon-list-item\">\n\t\t\t\t\t\t\t\t\t\t\t<span class=\"elementor-icon-list-icon\">\n\t\t\t\t\t\t\t<i aria-hidden=\"true\" class=\"far fa-envelope\"><\/i>\t\t\t\t\t\t<\/span>\n\t\t\t\t\t\t\t\t\t\t<span class=\"elementor-icon-list-text\"><a href=\"mailto:mario.martinez@umh.es\">mario.martinez@umh.es<\/a><\/span>\n\t\t\t\t\t\t\t\t\t<\/li>\n\t\t\t\t\t\t\t\t<li class=\"elementor-icon-list-item\">\n\t\t\t\t\t\t\t\t\t\t\t<a href=\"http:\/\/www.mario-paul.com\/\">\n\n\t\t\t\t\t\t\t\t\t\t\t\t<span class=\"elementor-icon-list-icon\">\n\t\t\t\t\t\t\t<i aria-hidden=\"true\" class=\"far fa-eye\"><\/i>\t\t\t\t\t\t<\/span>\n\t\t\t\t\t\t\t\t\t\t<span class=\"elementor-icon-list-text\">www.mario-paul.com<\/span>\n\t\t\t\t\t\t\t\t\t\t\t<\/a>\n\t\t\t\t\t\t\t\t\t<\/li>\n\t\t\t\t\t\t<\/ul>\n\t\t\t\t<\/div>\n\t\t\t\t<\/div>\n\t\t\t\t\t<\/div>\n\t\t<\/div>\n\t\t\t\t<div class=\"elementor-column elementor-col-50 elementor-top-column elementor-element elementor-element-52594dbe\" data-id=\"52594dbe\" data-element_type=\"column\">\n\t\t\t<div class=\"elementor-widget-wrap elementor-element-populated\">\n\t\t\t\t\t\t\t\t<div class=\"elementor-element elementor-element-1d039b6d elementor-widget elementor-widget-text-editor\" data-id=\"1d039b6d\" data-element_type=\"widget\" data-widget_type=\"text-editor.default\">\n\t\t\t\t<div class=\"elementor-widget-container\">\n\t\t\t\t\t\t\t<p>Escribe sobre arte y nuevas tecnolog\u00edas en el Suplemento Cultural &lt;Artes y Letras&gt; del diario INFORMACI\u00d3N (Alicante) y, entre algunos de sus libros y art\u00edculos acad\u00e9micos, cuenta con publicaciones en editoriales como Biblioteca Cervantes, Cinestesia o Aguaclara, y en revistas como Arte Pol\u00edtica e Identidad, Brumal, Play Life o Croma. Ha trabajado en diversas campa\u00f1as y revistas de moda para Macson (Barcelona), Dogmamoda (Barcelona), Marino &amp; Galen (Barcelona), Risbel (Madrid) It fashion (Barcelona), Vilaviniteca (Barcelona), The White Brand (Alicante) y medios impresos y editoriales como Libros,com (Madrid), Instituto Juan Gil Albert (Alicante), la <em>Opini\u00f3n<\/em> (Tenerife) o el <em>Diario de Mallorca<\/em>. Tambi\u00e9n ha dirigido y colaborado en diversos ciclos, y eventos especializados del arte y el \u00e1mbito audiovisual como Technarte (Bilbao), La Noche en Blanco (Madrid), Inclusiva-Media Lab Prado (Madrid), el Congreso Internacional de G\u00e9nero Fant\u00e1stico, Audiovisuales y Nuevas Tecnolog\u00edas (Elche), Entornos Futuros I y II (Alicante), el Seminario de Posproducci\u00f3n y Arte Digital (Elche), el Festival Internacional de Cine Independiente de Elche, o las cuatro ediciones del Festival Internacional de Videoclips FIVECC (Alicante). La Fundaci\u00f3n BilbaoArte, Sabadell Cam, la UMH, la UA, o el Instituto de Arte Moderno Valenciano (IVAM) han exhibido sus trabajos.<\/p>\t\t\t\t\t\t<\/div>\n\t\t\t\t<\/div>\n\t\t\t\t<div class=\"elementor-element elementor-element-7fc3ffe5 elementor-widget-divider--view-line elementor-widget elementor-widget-divider\" data-id=\"7fc3ffe5\" data-element_type=\"widget\" data-widget_type=\"divider.default\">\n\t\t\t\t<div class=\"elementor-widget-container\">\n\t\t\t\t\t<div class=\"elementor-divider\">\n\t\t\t<span class=\"elementor-divider-separator\">\n\t\t\t\t\t\t<\/span>\n\t\t<\/div>\n\t\t\t\t<\/div>\n\t\t\t\t<\/div>\n\t\t\t\t<div class=\"elementor-element elementor-element-3e5ed03 elementor-widget-divider--view-line elementor-widget elementor-widget-divider\" data-id=\"3e5ed03\" data-element_type=\"widget\" data-widget_type=\"divider.default\">\n\t\t\t\t<div class=\"elementor-widget-container\">\n\t\t\t\t\t<div class=\"elementor-divider\">\n\t\t\t<span class=\"elementor-divider-separator\">\n\t\t\t\t\t\t<\/span>\n\t\t<\/div>\n\t\t\t\t<\/div>\n\t\t\t\t<\/div>\n\t\t\t\t\t<\/div>\n\t\t<\/div>\n\t\t\t\t\t\t\t<\/div>\n\t\t<\/section>\n\t\t\t\t<section class=\"elementor-section elementor-top-section elementor-element elementor-element-219493d9 elementor-section-stretched elementor-section-full_width elementor-hidden-desktop elementor-section-height-default elementor-section-height-default\" data-id=\"219493d9\" data-element_type=\"section\" data-settings=\"{&quot;stretch_section&quot;:&quot;section-stretched&quot;}\">\n\t\t\t\t\t\t<div class=\"elementor-container elementor-column-gap-default\">\n\t\t\t\t\t<div class=\"elementor-column elementor-col-100 elementor-top-column elementor-element elementor-element-79217f64\" data-id=\"79217f64\" data-element_type=\"column\">\n\t\t\t<div class=\"elementor-widget-wrap elementor-element-populated\">\n\t\t\t\t\t\t\t\t<div class=\"elementor-element elementor-element-58a14c53 elementor-widget elementor-widget-text-editor\" data-id=\"58a14c53\" data-element_type=\"widget\" data-widget_type=\"text-editor.default\">\n\t\t\t\t<div class=\"elementor-widget-container\">\n\t\t\t\t\t\t\t<p style=\"text-align: left\">Mario-Paul Mart\u00ednez es investigador, profesor y coordinador del \u00c1rea de Est\u00e9tica y Teor\u00eda de las Arte del Departamento de Arte de la Universidad Miguel Hern\u00e1ndez. Tambi\u00e9n ejerce como coordinador del \u00c1rea de Patrimonio Hist\u00f3rico, Art\u00edstico y Cient\u00edfico de la misma Universidad y es, adem\u00e1s, director del Grupo de Investigaci\u00f3n <em>Massiva <\/em>que estudia la interrelaci\u00f3n de las artes audiovisuales y la cultura de masas, y docente en el m\u00e1ster MUPIA y en el m\u00e1ster MUECA en Estudios Culturales y Artes Visuales en la Facultad de Bellas Artes de Altea. Doctor internacional y Premio extraordinario de Doctorado, en 2015, con la tesis <em>Cine y Videojuegos. Adaptaciones y representaciones de la l\u00fadica digital en la pantalla cinematogr\u00e1fica<\/em>. Imparte, desde hace m\u00e1s de 10 a\u00f1os, clases de videojuegos y efectos especiales en la universidad, y ha sido becado en diversos centros de investigaci\u00f3n en Toulouse (Francia), Lausana (Suiza) o Montreal (Canad\u00e1), entre otros, para investigar sobre la relaci\u00f3n entre estos medios con el Cine y con el campo de la Historia. Durante el periodo 2007-2012 fue tambi\u00e9n profesor en el Centro de Ense\u00f1anza Superior Ciudad de la Luz.<\/p>\t\t\t\t\t\t<\/div>\n\t\t\t\t<\/div>\n\t\t\t\t<div class=\"elementor-element elementor-element-6902c11 elementor-widget-divider--view-line elementor-widget elementor-widget-divider\" data-id=\"6902c11\" data-element_type=\"widget\" data-widget_type=\"divider.default\">\n\t\t\t\t<div class=\"elementor-widget-container\">\n\t\t\t\t\t<div class=\"elementor-divider\">\n\t\t\t<span class=\"elementor-divider-separator\">\n\t\t\t\t\t\t<\/span>\n\t\t<\/div>\n\t\t\t\t<\/div>\n\t\t\t\t<\/div>\n\t\t\t\t<div class=\"elementor-element elementor-element-7d98790f elementor-widget elementor-widget-text-editor\" data-id=\"7d98790f\" data-element_type=\"widget\" data-widget_type=\"text-editor.default\">\n\t\t\t\t<div class=\"elementor-widget-container\">\n\t\t\t\t\t\t\t<p style=\"text-align: left\">Escribe sobre arte y nuevas tecnolog\u00edas en el Suplemento Cultural del diario INFORMACI\u00d3N (Alicante) y, entre algunos de sus libros y art\u00edculos acad\u00e9micos, cuenta con publicaciones en editoriales como Biblioteca Cervantes, Cinestesia o Aguaclara, y en revistas como Arte Pol\u00edtica e Identidad, Brumal, Play Life o Croma. Ha trabajado en diversas campa\u00f1as y revistas de moda para Macson (Barcelona), Dogmamoda (Barcelona), Marino &amp; Galen (Barcelona), Risbel (Madrid) It fashion (Barcelona), Vilaviniteca (Barcelona), The White Brand (Alicante) y medios impresos y editoriales como Libros,com (Madrid), Instituto Juan Gil Albert (Alicante), la <em>Opini\u00f3n<\/em> (Tenerife) o el <em>Diario de Mallorca<\/em>. Tambi\u00e9n ha dirigido y colaborado en diversos ciclos, y eventos especializados del arte y el \u00e1mbito audiovisual como Technarte (Bilbao), La Noche en Blanco (Madrid), Inclusiva-Media Lab Prado (Madrid), el Congreso Internacional de G\u00e9nero Fant\u00e1stico, Audiovisuales y Nuevas Tecnolog\u00edas (Elche), Entornos Futuros I y II (Alicante), el Seminario de Posproducci\u00f3n y Arte Digital (Elche), el Festival Internacional de Cine Independiente de Elche, o las cuatro ediciones del Festival Internacional de Videoclips FIVECC (Alicante). La Fundaci\u00f3n BilbaoArte, Sabadell Cam, la UMH, la UA, o el Instituto de Arte Moderno Valenciano (IVAM) han exhibido sus trabajos.<\/p>\t\t\t\t\t\t<\/div>\n\t\t\t\t<\/div>\n\t\t\t\t<div class=\"elementor-element elementor-element-1677ecf3 elementor-widget elementor-widget-heading\" data-id=\"1677ecf3\" data-element_type=\"widget\" data-widget_type=\"heading.default\">\n\t\t\t\t<div class=\"elementor-widget-container\">\n\t\t\t<h3 class=\"elementor-heading-title elementor-size-large\">Contacto<\/h3>\t\t<\/div>\n\t\t\t\t<\/div>\n\t\t\t\t<div class=\"elementor-element elementor-element-33006767 elementor-align-right elementor-icon-list--layout-traditional elementor-list-item-link-full_width elementor-widget elementor-widget-icon-list\" data-id=\"33006767\" data-element_type=\"widget\" data-widget_type=\"icon-list.default\">\n\t\t\t\t<div class=\"elementor-widget-container\">\n\t\t\t\t\t<ul class=\"elementor-icon-list-items\">\n\t\t\t\t\t\t\t<li class=\"elementor-icon-list-item\">\n\t\t\t\t\t\t\t\t\t\t\t<span class=\"elementor-icon-list-icon\">\n\t\t\t\t\t\t\t<i aria-hidden=\"true\" class=\"far fa-envelope\"><\/i>\t\t\t\t\t\t<\/span>\n\t\t\t\t\t\t\t\t\t\t<span class=\"elementor-icon-list-text\"><a href=\"mailto:mario.martinez@umh.es\">mario.martinez@umh.es<\/a><\/span>\n\t\t\t\t\t\t\t\t\t<\/li>\n\t\t\t\t\t\t\t\t<li class=\"elementor-icon-list-item\">\n\t\t\t\t\t\t\t\t\t\t\t<a href=\"http:\/\/www.mario-paul.com\/\">\n\n\t\t\t\t\t\t\t\t\t\t\t\t<span class=\"elementor-icon-list-icon\">\n\t\t\t\t\t\t\t<i aria-hidden=\"true\" class=\"far fa-eye\"><\/i>\t\t\t\t\t\t<\/span>\n\t\t\t\t\t\t\t\t\t\t<span class=\"elementor-icon-list-text\">www.mario-paul.com<\/span>\n\t\t\t\t\t\t\t\t\t\t\t<\/a>\n\t\t\t\t\t\t\t\t\t<\/li>\n\t\t\t\t\t\t<\/ul>\n\t\t\t\t<\/div>\n\t\t\t\t<\/div>\n\t\t\t\t\t<\/div>\n\t\t<\/div>\n\t\t\t\t\t\t\t<\/div>\n\t\t<\/section>\n\t\t\t\t\t\t<\/div>\n\t\t\t\t\t<\/div>\n\t\t","protected":false},"excerpt":{"rendered":"<p>Mario-Paul Mart\u00cdnez<br \/>\nDirector del Grupo de Investigaci\u00f3n Massiva<br \/>\nProyectos e investigaciones vinculados a la posproducci\u00f3n y al videojuego<br \/>\nMario-Paul Mart\u00cdnez<br \/>\nDirector del Grupo de Investigaci\u00f3n Massiva<br \/>\nProyectos e investigaciones vinculados a la posproducci\u00f3n y al videojuego <\/p>\n<p>Mario-Paul Mart\u00ednez es investigador, profesor y coordinador del \u00c1rea de Est\u00e9tica y Teor\u00eda de las Arte del Departamento de Arte de la Universidad [&#8230;]<\/p>\n","protected":false},"author":5001,"featured_media":0,"parent":0,"menu_order":0,"comment_status":"closed","ping_status":"closed","template":"","meta":{"_et_pb_use_builder":"","_et_pb_old_content":"","_et_gb_content_width":"","_links_to":"","_links_to_target":""},"_links":{"self":[{"href":"https:\/\/grupomassiva.umh.es\/ca\/wp-json\/wp\/v2\/pages\/19721"}],"collection":[{"href":"https:\/\/grupomassiva.umh.es\/ca\/wp-json\/wp\/v2\/pages"}],"about":[{"href":"https:\/\/grupomassiva.umh.es\/ca\/wp-json\/wp\/v2\/types\/page"}],"author":[{"embeddable":true,"href":"https:\/\/grupomassiva.umh.es\/ca\/wp-json\/wp\/v2\/users\/5001"}],"replies":[{"embeddable":true,"href":"https:\/\/grupomassiva.umh.es\/ca\/wp-json\/wp\/v2\/comments?post=19721"}],"version-history":[{"count":0,"href":"https:\/\/grupomassiva.umh.es\/ca\/wp-json\/wp\/v2\/pages\/19721\/revisions"}],"wp:attachment":[{"href":"https:\/\/grupomassiva.umh.es\/ca\/wp-json\/wp\/v2\/media?parent=19721"}],"curies":[{"name":"wp","href":"https:\/\/api.w.org\/{rel}","templated":true}]}}