{"id":19724,"date":"2024-06-19T18:39:53","date_gmt":"2024-06-19T16:39:53","guid":{"rendered":"https:\/\/grupomassiva.umh.es\/bio-vicente-javier-perez\/"},"modified":"2024-06-19T18:39:54","modified_gmt":"2024-06-19T16:39:54","slug":"bio-vicente-javier-perez","status":"publish","type":"page","link":"https:\/\/grupomassiva.umh.es\/ca\/bio-vicente-javier-perez\/","title":{"rendered":"Bio Vicente Javier P\u00e9rez"},"content":{"rendered":"\t\t<div data-elementor-type=\"wp-page\" data-elementor-id=\"19724\" class=\"elementor elementor-19724\" data-elementor-settings=\"[]\">\n\t\t\t\t\t\t\t<div class=\"elementor-section-wrap\">\n\t\t\t\t\t\t\t<section class=\"elementor-section elementor-top-section elementor-element elementor-element-712e1b54 elementor-hidden-tablet elementor-hidden-phone elementor-section-boxed elementor-section-height-default elementor-section-height-default\" data-id=\"712e1b54\" data-element_type=\"section\">\n\t\t\t\t\t\t<div class=\"elementor-container elementor-column-gap-default\">\n\t\t\t\t\t<div class=\"elementor-column elementor-col-100 elementor-top-column elementor-element elementor-element-5ca9af59\" data-id=\"5ca9af59\" data-element_type=\"column\" data-settings=\"{&quot;background_background&quot;:&quot;none&quot;}\">\n\t\t\t<div class=\"elementor-widget-wrap elementor-element-populated\">\n\t\t\t\t\t\t\t\t<div class=\"elementor-element elementor-element-668518e7 elementor-widget elementor-widget-heading\" data-id=\"668518e7\" data-element_type=\"widget\" data-widget_type=\"heading.default\">\n\t\t\t\t<div class=\"elementor-widget-container\">\n\t\t\t<h4 class=\"elementor-heading-title elementor-size-medium\">Vicente J. P\u00e9rez<\/h4>\t\t<\/div>\n\t\t\t\t<\/div>\n\t\t\t\t<div class=\"elementor-element elementor-element-45e4b35c elementor-widget elementor-widget-heading\" data-id=\"45e4b35c\" data-element_type=\"widget\" data-widget_type=\"heading.default\">\n\t\t\t\t<div class=\"elementor-widget-container\">\n\t\t\t<h4 class=\"elementor-heading-title elementor-size-medium\">Direcci\u00f3n de fotograf\u00eda y proyectos gr\u00e1ficos y audiovisuales en red <\/h4>\t\t<\/div>\n\t\t\t\t<\/div>\n\t\t\t\t\t<\/div>\n\t\t<\/div>\n\t\t\t\t\t\t\t<\/div>\n\t\t<\/section>\n\t\t\t\t<section class=\"elementor-section elementor-top-section elementor-element elementor-element-11737e4 elementor-hidden-desktop elementor-section-boxed elementor-section-height-default elementor-section-height-default\" data-id=\"11737e4\" data-element_type=\"section\">\n\t\t\t\t\t\t<div class=\"elementor-container elementor-column-gap-default\">\n\t\t\t\t\t<div class=\"elementor-column elementor-col-100 elementor-top-column elementor-element elementor-element-3b19f057\" data-id=\"3b19f057\" data-element_type=\"column\" data-settings=\"{&quot;background_background&quot;:&quot;none&quot;}\">\n\t\t\t<div class=\"elementor-widget-wrap elementor-element-populated\">\n\t\t\t\t\t\t\t\t<div class=\"elementor-element elementor-element-326d5f12 elementor-widget elementor-widget-heading\" data-id=\"326d5f12\" data-element_type=\"widget\" data-widget_type=\"heading.default\">\n\t\t\t\t<div class=\"elementor-widget-container\">\n\t\t\t<h4 class=\"elementor-heading-title elementor-size-medium\">Vicente J. P\u00e9rez<\/h4>\t\t<\/div>\n\t\t\t\t<\/div>\n\t\t\t\t<div class=\"elementor-element elementor-element-af4f7b0 elementor-widget elementor-widget-heading\" data-id=\"af4f7b0\" data-element_type=\"widget\" data-widget_type=\"heading.default\">\n\t\t\t\t<div class=\"elementor-widget-container\">\n\t\t\t<h4 class=\"elementor-heading-title elementor-size-medium\">Direcci\u00f3n de fotograf\u00eda y proyectos gr\u00e1ficos y audiovisuales en red <\/h4>\t\t<\/div>\n\t\t\t\t<\/div>\n\t\t\t\t\t<\/div>\n\t\t<\/div>\n\t\t\t\t\t\t\t<\/div>\n\t\t<\/section>\n\t\t\t\t<section class=\"elementor-section elementor-top-section elementor-element elementor-element-736e9798 elementor-section-full_width elementor-section-content-top elementor-section-height-default elementor-section-height-default\" data-id=\"736e9798\" data-element_type=\"section\">\n\t\t\t\t\t\t<div class=\"elementor-container elementor-column-gap-default\">\n\t\t\t\t\t<div class=\"elementor-column elementor-col-100 elementor-top-column elementor-element elementor-element-40d91055\" data-id=\"40d91055\" data-element_type=\"column\">\n\t\t\t<div class=\"elementor-widget-wrap elementor-element-populated\">\n\t\t\t\t\t\t\t\t<div class=\"elementor-element elementor-element-2f19f412 elementor-widget elementor-widget-image\" data-id=\"2f19f412\" data-element_type=\"widget\" data-widget_type=\"image.default\">\n\t\t\t\t<div class=\"elementor-widget-container\">\n\t\t\t\t\t\t\t\t\t\t\t\t\t\t\t<img src=\"https:\/\/grupomassiva.umh.es\/files\/2024\/05\/vicente_massiva.jpg\" title=\"\" alt=\"\" \/>\t\t\t\t\t\t\t\t\t\t\t\t\t\t\t<\/div>\n\t\t\t\t<\/div>\n\t\t\t\t\t<\/div>\n\t\t<\/div>\n\t\t\t\t\t\t\t<\/div>\n\t\t<\/section>\n\t\t\t\t<section class=\"elementor-section elementor-top-section elementor-element elementor-element-7051dcbf elementor-hidden-tablet elementor-hidden-phone elementor-section-boxed elementor-section-height-default elementor-section-height-default\" data-id=\"7051dcbf\" data-element_type=\"section\">\n\t\t\t\t\t\t<div class=\"elementor-container elementor-column-gap-default\">\n\t\t\t\t\t<div class=\"elementor-column elementor-col-50 elementor-top-column elementor-element elementor-element-6aaa5934\" data-id=\"6aaa5934\" data-element_type=\"column\">\n\t\t\t<div class=\"elementor-widget-wrap elementor-element-populated\">\n\t\t\t\t\t\t\t\t<div class=\"elementor-element elementor-element-466e7257 elementor-widget elementor-widget-text-editor\" data-id=\"466e7257\" data-element_type=\"widget\" data-widget_type=\"text-editor.default\">\n\t\t\t\t<div class=\"elementor-widget-container\">\n\t\t\t\t\t\t\t<p>Vicente Javier P\u00e9rez Valero es doctor en Bellas Artes, profesor, investigador y Coordinador de \u00c1rea para la Proyecci\u00f3n del Grado en Comunicaci\u00f3n Audiovisual en la Facultad de Ciencias Sociales y Jur\u00eddicas de la Universidad Miguel Hern\u00e1ndez de Elche. Tambi\u00e9n es miembro del Grupo de Investigaci\u00f3n <i>Massiva<\/i>, que estudia la interrelaci\u00f3n de las artes audiovisuales y la <i>cultura de masas<\/i>, dentro del Departamento de Arte de la UMH. Tambi\u00e9n es Graduado en Artes y Oficios en Dise\u00f1o Gr\u00e1fico e Ilustraci\u00f3n por la Escuela de Arte de Alicante (EASDA). Desde el a\u00f1o 2006 es docente en la Licenciatura y Grado en Bellas Artes y, posteriormente, en el Grado en Comunicaci\u00f3n Audiovisual, dentro de la Facultad de Ciencias Sociales y Jur\u00eddicas de Elche, y en el M\u00e1ster Universitario en Proyecto e Investigaci\u00f3n en Arte (MUPIA), en la Facultad de Bellas Artes del Campus de Altea, UMH. En 2014 alcanz\u00f3 el t\u00edtulo de Doctor con la tesis <i>La proyecci\u00f3n del Dibujo en las nuevas tecnolog\u00edas aplicadas a la Ense\u00f1anza Art\u00edstica Superior<\/i> con la calificaci\u00f3n Sobresaliente Cum Laude. Desde el a\u00f1o 1996 ha trabajado, en el sector privado, en puestos profesionales como director de fotograf\u00eda, director de arte y creativo en el campo de la publicidad, as\u00ed como fot\u00f3grafo de prensa y dise\u00f1ador gr\u00e1fico.<\/p>\t\t\t\t\t\t<\/div>\n\t\t\t\t<\/div>\n\t\t\t\t<div class=\"elementor-element elementor-element-6de1ed36 elementor-widget-divider--view-line elementor-widget elementor-widget-divider\" data-id=\"6de1ed36\" data-element_type=\"widget\" data-widget_type=\"divider.default\">\n\t\t\t\t<div class=\"elementor-widget-container\">\n\t\t\t\t\t<div class=\"elementor-divider\">\n\t\t\t<span class=\"elementor-divider-separator\">\n\t\t\t\t\t\t<\/span>\n\t\t<\/div>\n\t\t\t\t<\/div>\n\t\t\t\t<\/div>\n\t\t\t\t<div class=\"elementor-element elementor-element-4483f37e elementor-widget elementor-widget-heading\" data-id=\"4483f37e\" data-element_type=\"widget\" data-widget_type=\"heading.default\">\n\t\t\t\t<div class=\"elementor-widget-container\">\n\t\t\t<h3 class=\"elementor-heading-title elementor-size-large\">Contacto<\/h3>\t\t<\/div>\n\t\t\t\t<\/div>\n\t\t\t\t<div class=\"elementor-element elementor-element-7e92c377 elementor-align-right elementor-icon-list--layout-traditional elementor-list-item-link-full_width elementor-widget elementor-widget-icon-list\" data-id=\"7e92c377\" data-element_type=\"widget\" data-widget_type=\"icon-list.default\">\n\t\t\t\t<div class=\"elementor-widget-container\">\n\t\t\t\t\t<ul class=\"elementor-icon-list-items\">\n\t\t\t\t\t\t\t<li class=\"elementor-icon-list-item\">\n\t\t\t\t\t\t\t\t\t\t\t<span class=\"elementor-icon-list-icon\">\n\t\t\t\t\t\t\t<i aria-hidden=\"true\" class=\"far fa-envelope\"><\/i>\t\t\t\t\t\t<\/span>\n\t\t\t\t\t\t\t\t\t\t<span class=\"elementor-icon-list-text\"><a href=\"mailto:vperez@umh.es\">vperez@umh.es<\/a><\/span>\n\t\t\t\t\t\t\t\t\t<\/li>\n\t\t\t\t\t\t\t\t<li class=\"elementor-icon-list-item\">\n\t\t\t\t\t\t\t\t\t\t\t<a href=\"http:\/\/vicenteperez.edu.umh.es\/\">\n\n\t\t\t\t\t\t\t\t\t\t\t\t<span class=\"elementor-icon-list-icon\">\n\t\t\t\t\t\t\t<i aria-hidden=\"true\" class=\"far fa-eye\"><\/i>\t\t\t\t\t\t<\/span>\n\t\t\t\t\t\t\t\t\t\t<span class=\"elementor-icon-list-text\">http:\/\/vicenteperez.edu.umh.es\/<\/span>\n\t\t\t\t\t\t\t\t\t\t\t<\/a>\n\t\t\t\t\t\t\t\t\t<\/li>\n\t\t\t\t\t\t<\/ul>\n\t\t\t\t<\/div>\n\t\t\t\t<\/div>\n\t\t\t\t\t<\/div>\n\t\t<\/div>\n\t\t\t\t<div class=\"elementor-column elementor-col-50 elementor-top-column elementor-element elementor-element-7e39cfba\" data-id=\"7e39cfba\" data-element_type=\"column\">\n\t\t\t<div class=\"elementor-widget-wrap elementor-element-populated\">\n\t\t\t\t\t\t\t\t<div class=\"elementor-element elementor-element-3952fc12 elementor-widget elementor-widget-text-editor\" data-id=\"3952fc12\" data-element_type=\"widget\" data-widget_type=\"text-editor.default\">\n\t\t\t\t<div class=\"elementor-widget-container\">\n\t\t\t\t\t\t\t<p>Actualmente, desarrolla su actividad investigadora en el campo de la cultura audiovisual y de dise\u00f1o, el videoarte y los estudios cinematogr\u00e1ficos, en proyectos de investigaci\u00f3n y en colaboraci\u00f3n con entidades externas a la UMH, publicando en varios congresos internacionales y editoriales especializadas, como Gedisa, McGraw-Hill, Octaedro, Cinestesia y la revista <i>Canelobre<\/i>, y realizando proyectos docentes propios y como colaborador. Cabe destacar la estancia como investigador en la Universidad Polit\u00e9cnica de Cartagena y\u00a0en la KunstUniversit\u00e4t de Linz (Austria). Actividad art\u00edstica y experimental reflejada en m\u00e1s de 70 exposiciones y festivales de cine, dentro de convocatorias competitivas locales, nacionales e internacionales con premios y menciones. Destacan: <i>EAC, Encuentros de Arte Contempor\u00e1neo<\/i>, Centre Cultural d\u2019Alcoi, Alcoy (2002); <i>Fondo Talens de Arte Joven<\/i>, Galer\u00eda victoria Hidalgo de Madrid y Espai d\u2019Art Acea\u2019s de Barcelona -adquisici\u00f3n de obra- (2002); Direcci\u00f3n de fotograf\u00eda, producci\u00f3n ejecutiva y dise\u00f1o gr\u00e1fico en el documental <i>Arcadeolog\u00eda<\/i>\u00a0de Mario-Paul Mart\u00ednez (2020); Direcci\u00f3n de fotograf\u00eda 2\u00aa unidad, dise\u00f1o gr\u00e1fico y dise\u00f1o de cartel en <i>Orquesta Los Bengalas<\/i>\u00a0de David Valero (2020); Direcci\u00f3n de fotograf\u00eda en <i>Hell West<\/i>\u00a0(Fran Mateu, 2018). Tambi\u00e9n es Presidente del Comit\u00e9 Editorial del Congreso Internacional de G\u00e9nero Fant\u00e1stico, Audiovisuales y Nuevas Tecnolog\u00edas.<\/p>\t\t\t\t\t\t<\/div>\n\t\t\t\t<\/div>\n\t\t\t\t<div class=\"elementor-element elementor-element-34c809 elementor-widget-divider--view-line elementor-widget elementor-widget-divider\" data-id=\"34c809\" data-element_type=\"widget\" data-widget_type=\"divider.default\">\n\t\t\t\t<div class=\"elementor-widget-container\">\n\t\t\t\t\t<div class=\"elementor-divider\">\n\t\t\t<span class=\"elementor-divider-separator\">\n\t\t\t\t\t\t<\/span>\n\t\t<\/div>\n\t\t\t\t<\/div>\n\t\t\t\t<\/div>\n\t\t\t\t<div class=\"elementor-element elementor-element-6cc77329 elementor-widget-divider--view-line elementor-widget elementor-widget-divider\" data-id=\"6cc77329\" data-element_type=\"widget\" data-widget_type=\"divider.default\">\n\t\t\t\t<div class=\"elementor-widget-container\">\n\t\t\t\t\t<div class=\"elementor-divider\">\n\t\t\t<span class=\"elementor-divider-separator\">\n\t\t\t\t\t\t<\/span>\n\t\t<\/div>\n\t\t\t\t<\/div>\n\t\t\t\t<\/div>\n\t\t\t\t\t<\/div>\n\t\t<\/div>\n\t\t\t\t\t\t\t<\/div>\n\t\t<\/section>\n\t\t\t\t<section class=\"elementor-section elementor-top-section elementor-element elementor-element-262cc5b0 elementor-section-stretched elementor-section-full_width elementor-hidden-desktop elementor-section-height-default elementor-section-height-default\" data-id=\"262cc5b0\" data-element_type=\"section\" data-settings=\"{&quot;stretch_section&quot;:&quot;section-stretched&quot;}\">\n\t\t\t\t\t\t<div class=\"elementor-container elementor-column-gap-default\">\n\t\t\t\t\t<div class=\"elementor-column elementor-col-100 elementor-top-column elementor-element elementor-element-50fede5f\" data-id=\"50fede5f\" data-element_type=\"column\">\n\t\t\t<div class=\"elementor-widget-wrap elementor-element-populated\">\n\t\t\t\t\t\t\t\t<div class=\"elementor-element elementor-element-261a58e7 elementor-widget elementor-widget-text-editor\" data-id=\"261a58e7\" data-element_type=\"widget\" data-widget_type=\"text-editor.default\">\n\t\t\t\t<div class=\"elementor-widget-container\">\n\t\t\t\t\t\t\t<p style=\"text-align: left\">Vicente Javier P\u00e9rez Valero es doctor en Bellas Artes, profesor, investigador y Coordinador de \u00c1rea para la Proyecci\u00f3n del Grado en Comunicaci\u00f3n Audiovisual en la Facultad de Ciencias Sociales y Jur\u00eddicas de la Universidad Miguel Hern\u00e1ndez de Elche. Tambi\u00e9n es miembro del Grupo de Investigaci\u00f3n <i>Massiva<\/i>, que estudia la interrelaci\u00f3n de las artes audiovisuales y la <i>cultura de masas<\/i>, dentro del Departamento de Arte de la UMH. Tambi\u00e9n es Graduado en Artes y Oficios en Dise\u00f1o Gr\u00e1fico e Ilustraci\u00f3n por la Escuela de Arte de Alicante (EASDA). Desde el a\u00f1o 2006 es docente en la Licenciatura y Grado en Bellas Artes y, posteriormente, en el Grado en Comunicaci\u00f3n Audiovisual, dentro de la Facultad de Ciencias Sociales y Jur\u00eddicas de Elche, y en el M\u00e1ster Universitario en Proyecto e Investigaci\u00f3n en Arte (MUPIA), en la Facultad de Bellas Artes del Campus de Altea, UMH. En 2014 alcanz\u00f3 el t\u00edtulo de Doctor con la tesis <i>La proyecci\u00f3n del Dibujo en las nuevas tecnolog\u00edas aplicadas a la Ense\u00f1anza Art\u00edstica Superior<\/i> con la calificaci\u00f3n Sobresaliente Cum Laude. Desde el a\u00f1o 1996 ha trabajado, en el sector privado, en puestos profesionales como director de fotograf\u00eda, director de arte y creativo en el campo de la publicidad, as\u00ed como fot\u00f3grafo de prensa y dise\u00f1ador gr\u00e1fico.<\/p>\t\t\t\t\t\t<\/div>\n\t\t\t\t<\/div>\n\t\t\t\t<div class=\"elementor-element elementor-element-3df3d1a elementor-widget-divider--view-line elementor-widget elementor-widget-divider\" data-id=\"3df3d1a\" data-element_type=\"widget\" data-widget_type=\"divider.default\">\n\t\t\t\t<div class=\"elementor-widget-container\">\n\t\t\t\t\t<div class=\"elementor-divider\">\n\t\t\t<span class=\"elementor-divider-separator\">\n\t\t\t\t\t\t<\/span>\n\t\t<\/div>\n\t\t\t\t<\/div>\n\t\t\t\t<\/div>\n\t\t\t\t<div class=\"elementor-element elementor-element-57f48d13 elementor-widget elementor-widget-text-editor\" data-id=\"57f48d13\" data-element_type=\"widget\" data-widget_type=\"text-editor.default\">\n\t\t\t\t<div class=\"elementor-widget-container\">\n\t\t\t\t\t\t\t<p style=\"text-align: left\">Actualmente, desarrolla su actividad investigadora en el campo de la cultura audiovisual y de dise\u00f1o, el videoarte y los estudios cinematogr\u00e1ficos, en proyectos de investigaci\u00f3n y en colaboraci\u00f3n con entidades externas a la UMH, publicando en varios congresos internacionales y editoriales especializadas, como Gedisa, McGraw-Hill, Octaedro, Cinestesia y la revista <i>Canelobre<\/i>, y realizando proyectos docentes propios y como colaborador. Cabe destacar la estancia como investigador en la Universidad Polit\u00e9cnica de Cartagena y\u00a0en la KunstUniversit\u00e4t de Linz (Austria). Actividad art\u00edstica y experimental reflejada en m\u00e1s de 70 exposiciones y festivales de cine, dentro de convocatorias competitivas locales, nacionales e internacionales con premios y menciones. Destacan: <i>EAC, Encuentros de Arte Contempor\u00e1neo<\/i>, Centre Cultural d\u2019Alcoi, Alcoy (2002); <i>Fondo Talens de Arte Joven<\/i>, Galer\u00eda victoria Hidalgo de Madrid y Espai d\u2019Art Acea\u2019s de Barcelona -adquisici\u00f3n de obra- (2002); Direcci\u00f3n de fotograf\u00eda, producci\u00f3n ejecutiva y dise\u00f1o gr\u00e1fico en el documental <i>Arcadeolog\u00eda<\/i>\u00a0de Mario-Paul Mart\u00ednez (2020); Direcci\u00f3n de fotograf\u00eda 2\u00aa unidad, dise\u00f1o gr\u00e1fico y dise\u00f1o de cartel en <i>Orquesta Los Bengalas<\/i>\u00a0de David Valero (2020); Direcci\u00f3n de fotograf\u00eda en <i>Hell West<\/i>\u00a0(Fran Mateu, 2018). Tambi\u00e9n es Presidente del Comit\u00e9 Editorial del Congreso Internacional de G\u00e9nero Fant\u00e1stico, Audiovisuales y Nuevas Tecnolog\u00edas.<\/p>\t\t\t\t\t\t<\/div>\n\t\t\t\t<\/div>\n\t\t\t\t<div class=\"elementor-element elementor-element-525eb180 elementor-widget elementor-widget-heading\" data-id=\"525eb180\" data-element_type=\"widget\" data-widget_type=\"heading.default\">\n\t\t\t\t<div class=\"elementor-widget-container\">\n\t\t\t<h3 class=\"elementor-heading-title elementor-size-large\">Contacto<\/h3>\t\t<\/div>\n\t\t\t\t<\/div>\n\t\t\t\t<div class=\"elementor-element elementor-element-b87710b elementor-align-right elementor-icon-list--layout-traditional elementor-list-item-link-full_width elementor-widget elementor-widget-icon-list\" data-id=\"b87710b\" data-element_type=\"widget\" data-widget_type=\"icon-list.default\">\n\t\t\t\t<div class=\"elementor-widget-container\">\n\t\t\t\t\t<ul class=\"elementor-icon-list-items\">\n\t\t\t\t\t\t\t<li class=\"elementor-icon-list-item\">\n\t\t\t\t\t\t\t\t\t\t\t<span class=\"elementor-icon-list-icon\">\n\t\t\t\t\t\t\t<i aria-hidden=\"true\" class=\"far fa-envelope\"><\/i>\t\t\t\t\t\t<\/span>\n\t\t\t\t\t\t\t\t\t\t<span class=\"elementor-icon-list-text\"><a href=\"mailto:vperez@umh.es\">vperez@umh.es<\/a><\/span>\n\t\t\t\t\t\t\t\t\t<\/li>\n\t\t\t\t\t\t\t\t<li class=\"elementor-icon-list-item\">\n\t\t\t\t\t\t\t\t\t\t\t<a href=\"http:\/\/vicenteperez.edu.umh.es\/\">\n\n\t\t\t\t\t\t\t\t\t\t\t\t<span class=\"elementor-icon-list-icon\">\n\t\t\t\t\t\t\t<i aria-hidden=\"true\" class=\"far fa-eye\"><\/i>\t\t\t\t\t\t<\/span>\n\t\t\t\t\t\t\t\t\t\t<span class=\"elementor-icon-list-text\">http:\/\/vicenteperez.edu.umh.es\/<\/span>\n\t\t\t\t\t\t\t\t\t\t\t<\/a>\n\t\t\t\t\t\t\t\t\t<\/li>\n\t\t\t\t\t\t<\/ul>\n\t\t\t\t<\/div>\n\t\t\t\t<\/div>\n\t\t\t\t\t<\/div>\n\t\t<\/div>\n\t\t\t\t\t\t\t<\/div>\n\t\t<\/section>\n\t\t\t\t\t\t<\/div>\n\t\t\t\t\t<\/div>\n\t\t","protected":false},"excerpt":{"rendered":"<p>Vicente J. P\u00e9rez<br \/>\nDirecci\u00f3n de fotograf\u00eda y proyectos gr\u00e1ficos y audiovisuales en red<br \/>\nVicente J. P\u00e9rez<br \/>\nDirecci\u00f3n de fotograf\u00eda y proyectos gr\u00e1ficos y audiovisuales en red <\/p>\n<p>Vicente Javier P\u00e9rez Valero es doctor en Bellas Artes, profesor, investigador y Coordinador de \u00c1rea para la Proyecci\u00f3n del Grado en Comunicaci\u00f3n Audiovisual en la Facultad de Ciencias Sociales y Jur\u00eddicas [&#8230;]<\/p>\n","protected":false},"author":5001,"featured_media":0,"parent":0,"menu_order":0,"comment_status":"closed","ping_status":"closed","template":"","meta":{"_et_pb_use_builder":"","_et_pb_old_content":"","_et_gb_content_width":"","_links_to":"","_links_to_target":""},"_links":{"self":[{"href":"https:\/\/grupomassiva.umh.es\/ca\/wp-json\/wp\/v2\/pages\/19724"}],"collection":[{"href":"https:\/\/grupomassiva.umh.es\/ca\/wp-json\/wp\/v2\/pages"}],"about":[{"href":"https:\/\/grupomassiva.umh.es\/ca\/wp-json\/wp\/v2\/types\/page"}],"author":[{"embeddable":true,"href":"https:\/\/grupomassiva.umh.es\/ca\/wp-json\/wp\/v2\/users\/5001"}],"replies":[{"embeddable":true,"href":"https:\/\/grupomassiva.umh.es\/ca\/wp-json\/wp\/v2\/comments?post=19724"}],"version-history":[{"count":0,"href":"https:\/\/grupomassiva.umh.es\/ca\/wp-json\/wp\/v2\/pages\/19724\/revisions"}],"wp:attachment":[{"href":"https:\/\/grupomassiva.umh.es\/ca\/wp-json\/wp\/v2\/media?parent=19724"}],"curies":[{"name":"wp","href":"https:\/\/api.w.org\/{rel}","templated":true}]}}