{"id":19709,"date":"2024-06-19T18:39:51","date_gmt":"2024-06-19T16:39:51","guid":{"rendered":"https:\/\/grupomassiva.umh.es\/bio-fernando-fernandez\/"},"modified":"2024-06-19T18:39:51","modified_gmt":"2024-06-19T16:39:51","slug":"bio-fernando-fernandez","status":"publish","type":"page","link":"https:\/\/grupomassiva.umh.es\/en\/bio-fernando-fernandez\/","title":{"rendered":"Bio Fernando Fern\u00e1ndez"},"content":{"rendered":"\t\t<div data-elementor-type=\"wp-page\" data-elementor-id=\"19709\" class=\"elementor elementor-19709\" data-elementor-settings=\"[]\">\n\t\t\t\t\t\t\t<div class=\"elementor-section-wrap\">\n\t\t\t\t\t\t\t<section class=\"elementor-section elementor-top-section elementor-element elementor-element-46897588 elementor-hidden-tablet elementor-hidden-phone elementor-section-boxed elementor-section-height-default elementor-section-height-default\" data-id=\"46897588\" data-element_type=\"section\">\n\t\t\t\t\t\t<div class=\"elementor-container elementor-column-gap-default\">\n\t\t\t\t\t<div class=\"elementor-column elementor-col-100 elementor-top-column elementor-element elementor-element-3eeac4a3\" data-id=\"3eeac4a3\" data-element_type=\"column\" data-settings=\"{&quot;background_background&quot;:&quot;none&quot;}\">\n\t\t\t<div class=\"elementor-widget-wrap elementor-element-populated\">\n\t\t\t\t\t\t\t\t<div class=\"elementor-element elementor-element-28480b0 elementor-widget elementor-widget-heading\" data-id=\"28480b0\" data-element_type=\"widget\" data-widget_type=\"heading.default\">\n\t\t\t\t<div class=\"elementor-widget-container\">\n\t\t\t<h4 class=\"elementor-heading-title elementor-size-medium\">Fernando Fern\u00e1ndez<\/h4>\t\t<\/div>\n\t\t\t\t<\/div>\n\t\t\t\t<div class=\"elementor-element elementor-element-2ff6cd40 elementor-widget elementor-widget-heading\" data-id=\"2ff6cd40\" data-element_type=\"widget\" data-widget_type=\"heading.default\">\n\t\t\t\t<div class=\"elementor-widget-container\">\n\t\t\t<h4 class=\"elementor-heading-title elementor-size-medium\">Estudios sobre la representaci\u00f3n del personaje LGTBI en el \u00e1mbito audiovisual<\/h4>\t\t<\/div>\n\t\t\t\t<\/div>\n\t\t\t\t\t<\/div>\n\t\t<\/div>\n\t\t\t\t\t\t\t<\/div>\n\t\t<\/section>\n\t\t\t\t<section class=\"elementor-section elementor-top-section elementor-element elementor-element-2bc87975 elementor-hidden-desktop elementor-section-boxed elementor-section-height-default elementor-section-height-default\" data-id=\"2bc87975\" data-element_type=\"section\">\n\t\t\t\t\t\t<div class=\"elementor-container elementor-column-gap-default\">\n\t\t\t\t\t<div class=\"elementor-column elementor-col-100 elementor-top-column elementor-element elementor-element-36624ba6\" data-id=\"36624ba6\" data-element_type=\"column\" data-settings=\"{&quot;background_background&quot;:&quot;none&quot;}\">\n\t\t\t<div class=\"elementor-widget-wrap elementor-element-populated\">\n\t\t\t\t\t\t\t\t<div class=\"elementor-element elementor-element-334f2c09 elementor-widget elementor-widget-heading\" data-id=\"334f2c09\" data-element_type=\"widget\" data-widget_type=\"heading.default\">\n\t\t\t\t<div class=\"elementor-widget-container\">\n\t\t\t<h4 class=\"elementor-heading-title elementor-size-medium\">Fernando Fern\u00e1ndez<\/h4>\t\t<\/div>\n\t\t\t\t<\/div>\n\t\t\t\t<div class=\"elementor-element elementor-element-1cf55cf4 elementor-widget elementor-widget-heading\" data-id=\"1cf55cf4\" data-element_type=\"widget\" data-widget_type=\"heading.default\">\n\t\t\t\t<div class=\"elementor-widget-container\">\n\t\t\t<h4 class=\"elementor-heading-title elementor-size-medium\">Estudios sobre la representaci\u00f3n del personaje LGTBI en el \u00e1mbito audiovisual<\/h4>\t\t<\/div>\n\t\t\t\t<\/div>\n\t\t\t\t\t<\/div>\n\t\t<\/div>\n\t\t\t\t\t\t\t<\/div>\n\t\t<\/section>\n\t\t\t\t<section class=\"elementor-section elementor-top-section elementor-element elementor-element-3aff7ea elementor-section-full_width elementor-section-content-top elementor-section-height-default elementor-section-height-default\" data-id=\"3aff7ea\" data-element_type=\"section\">\n\t\t\t\t\t\t<div class=\"elementor-container elementor-column-gap-default\">\n\t\t\t\t\t<div class=\"elementor-column elementor-col-100 elementor-top-column elementor-element elementor-element-61f4ca0b\" data-id=\"61f4ca0b\" data-element_type=\"column\">\n\t\t\t<div class=\"elementor-widget-wrap elementor-element-populated\">\n\t\t\t\t\t\t\t\t<div class=\"elementor-element elementor-element-5f3fcd73 elementor-widget elementor-widget-image\" data-id=\"5f3fcd73\" data-element_type=\"widget\" data-widget_type=\"image.default\">\n\t\t\t\t<div class=\"elementor-widget-container\">\n\t\t\t\t\t\t\t\t\t\t\t\t\t\t\t<img src=\"https:\/\/grupomassiva.umh.es\/files\/2024\/05\/FERNANDO_2.jpg\" title=\"\" alt=\"\" \/>\t\t\t\t\t\t\t\t\t\t\t\t\t\t\t<\/div>\n\t\t\t\t<\/div>\n\t\t\t\t\t<\/div>\n\t\t<\/div>\n\t\t\t\t\t\t\t<\/div>\n\t\t<\/section>\n\t\t\t\t<section class=\"elementor-section elementor-top-section elementor-element elementor-element-68434374 elementor-hidden-tablet elementor-hidden-phone elementor-section-boxed elementor-section-height-default elementor-section-height-default\" data-id=\"68434374\" data-element_type=\"section\">\n\t\t\t\t\t\t<div class=\"elementor-container elementor-column-gap-default\">\n\t\t\t\t\t<div class=\"elementor-column elementor-col-50 elementor-top-column elementor-element elementor-element-3d3bd7f5\" data-id=\"3d3bd7f5\" data-element_type=\"column\">\n\t\t\t<div class=\"elementor-widget-wrap elementor-element-populated\">\n\t\t\t\t\t\t\t\t<div class=\"elementor-element elementor-element-6338e1a6 elementor-widget elementor-widget-text-editor\" data-id=\"6338e1a6\" data-element_type=\"widget\" data-widget_type=\"text-editor.default\">\n\t\t\t\t<div class=\"elementor-widget-container\">\n\t\t\t\t\t\t\t<p>Fernando Fern\u00e1ndez Torres es investigador y profesor en el Grado en Comunicaci\u00f3n Audiovisual de la Universidad Miguel Hern\u00e1ndez y miembro del Grupo de Investigaci\u00f3n <em>Massiva <\/em>que estudia la interrelaci\u00f3n de las artes audiovisuales y la <em>cultura de masas<\/em>. En la actualidad es doctorando en la Universidad de Alicante dentro del programa \u2018Econom\u00eda, empresa y sociedad\u2019, donde realiza su tesis <em>El videoclip musical espa\u00f1ol de tem\u00e1tica LGTBIQ<\/em> (1979-2019). Imparte, desde hace m\u00e1s de 10 a\u00f1os, clases de expresi\u00f3n gr\u00e1fica y animaci\u00f3n en la UMH y durante el periodo 2008-2012 fue profesor en el Centro de Ense\u00f1anza Superior Ciudad de la Luz, impartiendo las asignaturas de Publicidad y Marketing audiovisual.<\/p>\t\t\t\t\t\t<\/div>\n\t\t\t\t<\/div>\n\t\t\t\t<div class=\"elementor-element elementor-element-2a378b51 elementor-widget-divider--view-line elementor-widget elementor-widget-divider\" data-id=\"2a378b51\" data-element_type=\"widget\" data-widget_type=\"divider.default\">\n\t\t\t\t<div class=\"elementor-widget-container\">\n\t\t\t\t\t<div class=\"elementor-divider\">\n\t\t\t<span class=\"elementor-divider-separator\">\n\t\t\t\t\t\t<\/span>\n\t\t<\/div>\n\t\t\t\t<\/div>\n\t\t\t\t<\/div>\n\t\t\t\t<div class=\"elementor-element elementor-element-318d56f4 elementor-widget elementor-widget-heading\" data-id=\"318d56f4\" data-element_type=\"widget\" data-widget_type=\"heading.default\">\n\t\t\t\t<div class=\"elementor-widget-container\">\n\t\t\t<h3 class=\"elementor-heading-title elementor-size-large\">Contacto<\/h3>\t\t<\/div>\n\t\t\t\t<\/div>\n\t\t\t\t<div class=\"elementor-element elementor-element-49b5a8bc elementor-align-right elementor-icon-list--layout-traditional elementor-list-item-link-full_width elementor-widget elementor-widget-icon-list\" data-id=\"49b5a8bc\" data-element_type=\"widget\" data-widget_type=\"icon-list.default\">\n\t\t\t\t<div class=\"elementor-widget-container\">\n\t\t\t\t\t<ul class=\"elementor-icon-list-items\">\n\t\t\t\t\t\t\t<li class=\"elementor-icon-list-item\">\n\t\t\t\t\t\t\t\t\t\t\t<span class=\"elementor-icon-list-icon\">\n\t\t\t\t\t\t\t<i aria-hidden=\"true\" class=\"far fa-envelope\"><\/i>\t\t\t\t\t\t<\/span>\n\t\t\t\t\t\t\t\t\t\t<span class=\"elementor-icon-list-text\"><a href=\"mailto:f.fernandez@umh.es\">f.fernandez@umh.es<\/a><\/span>\n\t\t\t\t\t\t\t\t\t<\/li>\n\t\t\t\t\t\t<\/ul>\n\t\t\t\t<\/div>\n\t\t\t\t<\/div>\n\t\t\t\t\t<\/div>\n\t\t<\/div>\n\t\t\t\t<div class=\"elementor-column elementor-col-50 elementor-top-column elementor-element elementor-element-21bc61ba\" data-id=\"21bc61ba\" data-element_type=\"column\">\n\t\t\t<div class=\"elementor-widget-wrap elementor-element-populated\">\n\t\t\t\t\t\t\t\t<div class=\"elementor-element elementor-element-33a7645 elementor-widget elementor-widget-text-editor\" data-id=\"33a7645\" data-element_type=\"widget\" data-widget_type=\"text-editor.default\">\n\t\t\t\t<div class=\"elementor-widget-container\">\n\t\t\t\t\t\t\t<p>Profesionalmente se dedica al dise\u00f1o gr\u00e1fico y la ilustraci\u00f3n, colaborando con peri\u00f3dicos como <em>Escaparate<\/em>, magazines nacionales como <em>Oh my God!<\/em> Y <em>Chueca.com<\/em>, e internacionales como <em>Winq<\/em> (Netherlands). En 2013 public\u00f3 su primera novela gr\u00e1fica <em>Anselmo<\/em> con Edicions de Ponent, y ha realizado numerosas intervenciones en mural para los ayuntamientos de municipios de la provincia de Alicante. Ha realizado campa\u00f1as para instituciones LGTBIQ como Diversitat Alacant y Mariola, para el Museo Valenciano del Juguete y para las concejal\u00edas de igualdad de diversos pueblos de la Foia de Castalla. Desde 2017 preside la asociaci\u00f3n art\u00edstica y cultural Engafat de la Foia de Castalla desde donde organiza y comisar\u00eda la exposici\u00f3n itinerante de arte contempor\u00e1neo \u2018Hist\u00f2ries de Joguets\u2019, que cuenta ya con 4 ediciones. Tambi\u00e9n ha dirigido y colaborado las Jornades d\u2019Art Obert que promueven la integraci\u00f3n social a trav\u00e9s del arte en mural.<\/p>\t\t\t\t\t\t<\/div>\n\t\t\t\t<\/div>\n\t\t\t\t<div class=\"elementor-element elementor-element-3852d120 elementor-widget-divider--view-line elementor-widget elementor-widget-divider\" data-id=\"3852d120\" data-element_type=\"widget\" data-widget_type=\"divider.default\">\n\t\t\t\t<div class=\"elementor-widget-container\">\n\t\t\t\t\t<div class=\"elementor-divider\">\n\t\t\t<span class=\"elementor-divider-separator\">\n\t\t\t\t\t\t<\/span>\n\t\t<\/div>\n\t\t\t\t<\/div>\n\t\t\t\t<\/div>\n\t\t\t\t<div class=\"elementor-element elementor-element-79aa8b13 elementor-widget-divider--view-line elementor-widget elementor-widget-divider\" data-id=\"79aa8b13\" data-element_type=\"widget\" data-widget_type=\"divider.default\">\n\t\t\t\t<div class=\"elementor-widget-container\">\n\t\t\t\t\t<div class=\"elementor-divider\">\n\t\t\t<span class=\"elementor-divider-separator\">\n\t\t\t\t\t\t<\/span>\n\t\t<\/div>\n\t\t\t\t<\/div>\n\t\t\t\t<\/div>\n\t\t\t\t\t<\/div>\n\t\t<\/div>\n\t\t\t\t\t\t\t<\/div>\n\t\t<\/section>\n\t\t\t\t<section class=\"elementor-section elementor-top-section elementor-element elementor-element-474720a5 elementor-section-stretched elementor-section-full_width elementor-hidden-desktop elementor-section-height-default elementor-section-height-default\" data-id=\"474720a5\" data-element_type=\"section\" data-settings=\"{&quot;stretch_section&quot;:&quot;section-stretched&quot;}\">\n\t\t\t\t\t\t<div class=\"elementor-container elementor-column-gap-default\">\n\t\t\t\t\t<div class=\"elementor-column elementor-col-100 elementor-top-column elementor-element elementor-element-5970d151\" data-id=\"5970d151\" data-element_type=\"column\">\n\t\t\t<div class=\"elementor-widget-wrap elementor-element-populated\">\n\t\t\t\t\t\t\t\t<div class=\"elementor-element elementor-element-fb883f9 elementor-widget elementor-widget-text-editor\" data-id=\"fb883f9\" data-element_type=\"widget\" data-widget_type=\"text-editor.default\">\n\t\t\t\t<div class=\"elementor-widget-container\">\n\t\t\t\t\t\t\t<p style=\"text-align: left\">Fernando Fern\u00e1ndez Torres es investigador y profesor en el Grado en Comunicaci\u00f3n Audiovisual de la Universidad Miguel Hern\u00e1ndez y miembro del Grupo de Investigaci\u00f3n <em>Massiva <\/em>que estudia la interrelaci\u00f3n de las artes audiovisuales y la <em>cultura de masas<\/em>. En la actualidad es doctorando en la Universidad de Alicante dentro del programa \u2018Econom\u00eda, empresa y sociedad\u2019, donde realiza su tesis <em>El videoclip musical espa\u00f1ol de tem\u00e1tica LGTBIQ<\/em> (1979-2019). Imparte, desde hace m\u00e1s de 10 a\u00f1os, clases de expresi\u00f3n gr\u00e1fica y animaci\u00f3n en la UMH y durante el periodo 2008-2012 fue profesor en el Centro de Ense\u00f1anza Superior Ciudad de la Luz, impartiendo las asignaturas de Publicidad y Marketing audiovisual.<\/p>\t\t\t\t\t\t<\/div>\n\t\t\t\t<\/div>\n\t\t\t\t<div class=\"elementor-element elementor-element-6117e04f elementor-widget-divider--view-line elementor-widget elementor-widget-divider\" data-id=\"6117e04f\" data-element_type=\"widget\" data-widget_type=\"divider.default\">\n\t\t\t\t<div class=\"elementor-widget-container\">\n\t\t\t\t\t<div class=\"elementor-divider\">\n\t\t\t<span class=\"elementor-divider-separator\">\n\t\t\t\t\t\t<\/span>\n\t\t<\/div>\n\t\t\t\t<\/div>\n\t\t\t\t<\/div>\n\t\t\t\t<div class=\"elementor-element elementor-element-830d9c7 elementor-widget elementor-widget-text-editor\" data-id=\"830d9c7\" data-element_type=\"widget\" data-widget_type=\"text-editor.default\">\n\t\t\t\t<div class=\"elementor-widget-container\">\n\t\t\t\t\t\t\t<p style=\"text-align: left\">Profesionalmente se dedica al dise\u00f1o gr\u00e1fico y la ilustraci\u00f3n, colaborando con peri\u00f3dicos como <em>Escaparate<\/em>, magazines nacionales como <em>Oh my God!<\/em> Y <em>Chueca.com<\/em>, e internacionales como <em>Winq<\/em> (Netherlands). En 2013 public\u00f3 su primera novela gr\u00e1fica <em>Anselmo<\/em> con Edicions de Ponent, y ha realizado numerosas intervenciones en mural para los ayuntamientos de municipios de la provincia de Alicante. Ha realizado campa\u00f1as para instituciones LGTBIQ como Diversitat Alacant y Mariola, para el Museo Valenciano del Juguete y para las concejal\u00edas de igualdad de diversos pueblos de la Foia de Castalla. Desde 2017 preside la asociaci\u00f3n art\u00edstica y cultural Engafat de la Foia de Castalla desde donde organiza y comisar\u00eda la exposici\u00f3n itinerante de arte contempor\u00e1neo \u2018Hist\u00f2ries de Joguets\u2019, que cuenta ya con 4 ediciones. Tambi\u00e9n ha dirigido y colaborado las Jornades d\u2019Art Obert que promueven la integraci\u00f3n social a trav\u00e9s del arte en mural.<\/p>\t\t\t\t\t\t<\/div>\n\t\t\t\t<\/div>\n\t\t\t\t<div class=\"elementor-element elementor-element-13c2dba7 elementor-widget elementor-widget-heading\" data-id=\"13c2dba7\" data-element_type=\"widget\" data-widget_type=\"heading.default\">\n\t\t\t\t<div class=\"elementor-widget-container\">\n\t\t\t<h3 class=\"elementor-heading-title elementor-size-large\">Contacto<\/h3>\t\t<\/div>\n\t\t\t\t<\/div>\n\t\t\t\t<div class=\"elementor-element elementor-element-7e363c1a elementor-align-right elementor-icon-list--layout-traditional elementor-list-item-link-full_width elementor-widget elementor-widget-icon-list\" data-id=\"7e363c1a\" data-element_type=\"widget\" data-widget_type=\"icon-list.default\">\n\t\t\t\t<div class=\"elementor-widget-container\">\n\t\t\t\t\t<ul class=\"elementor-icon-list-items\">\n\t\t\t\t\t\t\t<li class=\"elementor-icon-list-item\">\n\t\t\t\t\t\t\t\t\t\t\t<span class=\"elementor-icon-list-icon\">\n\t\t\t\t\t\t\t<i aria-hidden=\"true\" class=\"far fa-envelope\"><\/i>\t\t\t\t\t\t<\/span>\n\t\t\t\t\t\t\t\t\t\t<span class=\"elementor-icon-list-text\"><a href=\"mailto:f.fernandez@umh.es\">f.fernandez@umh.es<\/a><\/span>\n\t\t\t\t\t\t\t\t\t<\/li>\n\t\t\t\t\t\t<\/ul>\n\t\t\t\t<\/div>\n\t\t\t\t<\/div>\n\t\t\t\t\t<\/div>\n\t\t<\/div>\n\t\t\t\t\t\t\t<\/div>\n\t\t<\/section>\n\t\t\t\t\t\t<\/div>\n\t\t\t\t\t<\/div>\n\t\t","protected":false},"excerpt":{"rendered":"<p>Fernando Fern\u00e1ndez<br \/>\nEstudios sobre la representaci\u00f3n del personaje LGTBI en el \u00e1mbito audiovisual<br \/>\nFernando Fern\u00e1ndez<br \/>\nEstudios sobre la representaci\u00f3n del personaje LGTBI en el \u00e1mbito audiovisual<\/p>\n<p>Fernando Fern\u00e1ndez Torres es investigador y profesor en el Grado en Comunicaci\u00f3n Audiovisual de la Universidad Miguel Hern\u00e1ndez y miembro del Grupo de Investigaci\u00f3n Massiva que estudia la interrelaci\u00f3n de las artes audiovisuales [&#8230;]<\/p>\n","protected":false},"author":5001,"featured_media":0,"parent":0,"menu_order":0,"comment_status":"closed","ping_status":"closed","template":"","meta":{"_et_pb_use_builder":"","_et_pb_old_content":"","_et_gb_content_width":"","_links_to":"","_links_to_target":""},"_links":{"self":[{"href":"https:\/\/grupomassiva.umh.es\/en\/wp-json\/wp\/v2\/pages\/19709"}],"collection":[{"href":"https:\/\/grupomassiva.umh.es\/en\/wp-json\/wp\/v2\/pages"}],"about":[{"href":"https:\/\/grupomassiva.umh.es\/en\/wp-json\/wp\/v2\/types\/page"}],"author":[{"embeddable":true,"href":"https:\/\/grupomassiva.umh.es\/en\/wp-json\/wp\/v2\/users\/5001"}],"replies":[{"embeddable":true,"href":"https:\/\/grupomassiva.umh.es\/en\/wp-json\/wp\/v2\/comments?post=19709"}],"version-history":[{"count":0,"href":"https:\/\/grupomassiva.umh.es\/en\/wp-json\/wp\/v2\/pages\/19709\/revisions"}],"wp:attachment":[{"href":"https:\/\/grupomassiva.umh.es\/en\/wp-json\/wp\/v2\/media?parent=19709"}],"curies":[{"name":"wp","href":"https:\/\/api.w.org\/{rel}","templated":true}]}}