{"id":19712,"date":"2024-06-19T18:39:52","date_gmt":"2024-06-19T16:39:52","guid":{"rendered":"https:\/\/grupomassiva.umh.es\/bio-fran-mateu\/"},"modified":"2024-06-19T18:39:52","modified_gmt":"2024-06-19T16:39:52","slug":"bio-fran-mateu","status":"publish","type":"page","link":"https:\/\/grupomassiva.umh.es\/en\/bio-fran-mateu\/","title":{"rendered":"Bio Fran Mateu"},"content":{"rendered":"\t\t<div data-elementor-type=\"wp-page\" data-elementor-id=\"19712\" class=\"elementor elementor-19712\" data-elementor-settings=\"[]\">\n\t\t\t\t\t\t\t<div class=\"elementor-section-wrap\">\n\t\t\t\t\t\t\t<section class=\"elementor-section elementor-top-section elementor-element elementor-element-51653d88 elementor-hidden-tablet elementor-hidden-phone elementor-section-boxed elementor-section-height-default elementor-section-height-default\" data-id=\"51653d88\" data-element_type=\"section\">\n\t\t\t\t\t\t<div class=\"elementor-container elementor-column-gap-default\">\n\t\t\t\t\t<div class=\"elementor-column elementor-col-100 elementor-top-column elementor-element elementor-element-7c32134e\" data-id=\"7c32134e\" data-element_type=\"column\" data-settings=\"{&quot;background_background&quot;:&quot;none&quot;}\">\n\t\t\t<div class=\"elementor-widget-wrap elementor-element-populated\">\n\t\t\t\t\t\t\t\t<div class=\"elementor-element elementor-element-5942e802 elementor-widget elementor-widget-heading\" data-id=\"5942e802\" data-element_type=\"widget\" data-widget_type=\"heading.default\">\n\t\t\t\t<div class=\"elementor-widget-container\">\n\t\t\t<h4 class=\"elementor-heading-title elementor-size-medium\">Fran Mateu<\/h4>\t\t<\/div>\n\t\t\t\t<\/div>\n\t\t\t\t<div class=\"elementor-element elementor-element-761ac4a2 elementor-widget elementor-widget-heading\" data-id=\"761ac4a2\" data-element_type=\"widget\" data-widget_type=\"heading.default\">\n\t\t\t\t<div class=\"elementor-widget-container\">\n\t\t\t<h4 class=\"elementor-heading-title elementor-size-medium\">Lenguaje e intertextualidad audiovisual <\/h4>\t\t<\/div>\n\t\t\t\t<\/div>\n\t\t\t\t\t<\/div>\n\t\t<\/div>\n\t\t\t\t\t\t\t<\/div>\n\t\t<\/section>\n\t\t\t\t<section class=\"elementor-section elementor-top-section elementor-element elementor-element-44992282 elementor-hidden-desktop elementor-section-boxed elementor-section-height-default elementor-section-height-default\" data-id=\"44992282\" data-element_type=\"section\">\n\t\t\t\t\t\t<div class=\"elementor-container elementor-column-gap-default\">\n\t\t\t\t\t<div class=\"elementor-column elementor-col-100 elementor-top-column elementor-element elementor-element-1e522876\" data-id=\"1e522876\" data-element_type=\"column\" data-settings=\"{&quot;background_background&quot;:&quot;none&quot;}\">\n\t\t\t<div class=\"elementor-widget-wrap elementor-element-populated\">\n\t\t\t\t\t\t\t\t<div class=\"elementor-element elementor-element-7f9213f3 elementor-widget elementor-widget-heading\" data-id=\"7f9213f3\" data-element_type=\"widget\" data-widget_type=\"heading.default\">\n\t\t\t\t<div class=\"elementor-widget-container\">\n\t\t\t<h4 class=\"elementor-heading-title elementor-size-medium\">Fran Mateu<\/h4>\t\t<\/div>\n\t\t\t\t<\/div>\n\t\t\t\t<div class=\"elementor-element elementor-element-7c69df56 elementor-widget elementor-widget-heading\" data-id=\"7c69df56\" data-element_type=\"widget\" data-widget_type=\"heading.default\">\n\t\t\t\t<div class=\"elementor-widget-container\">\n\t\t\t<h4 class=\"elementor-heading-title elementor-size-medium\">Lenguaje e intertextualidad audiovisual <\/h4>\t\t<\/div>\n\t\t\t\t<\/div>\n\t\t\t\t\t<\/div>\n\t\t<\/div>\n\t\t\t\t\t\t\t<\/div>\n\t\t<\/section>\n\t\t\t\t<section class=\"elementor-section elementor-top-section elementor-element elementor-element-bbe81c8 elementor-section-full_width elementor-section-content-top elementor-section-height-default elementor-section-height-default\" data-id=\"bbe81c8\" data-element_type=\"section\">\n\t\t\t\t\t\t<div class=\"elementor-container elementor-column-gap-default\">\n\t\t\t\t\t<div class=\"elementor-column elementor-col-100 elementor-top-column elementor-element elementor-element-7b866201\" data-id=\"7b866201\" data-element_type=\"column\">\n\t\t\t<div class=\"elementor-widget-wrap elementor-element-populated\">\n\t\t\t\t\t\t\t\t<div class=\"elementor-element elementor-element-5bb4366a elementor-widget elementor-widget-image\" data-id=\"5bb4366a\" data-element_type=\"widget\" data-widget_type=\"image.default\">\n\t\t\t\t<div class=\"elementor-widget-container\">\n\t\t\t\t\t\t\t\t\t\t\t\t\t\t\t<img src=\"https:\/\/grupomassiva.umh.es\/files\/2024\/05\/FRAN_1.jpg\" title=\"\" alt=\"\" \/>\t\t\t\t\t\t\t\t\t\t\t\t\t\t\t<\/div>\n\t\t\t\t<\/div>\n\t\t\t\t\t<\/div>\n\t\t<\/div>\n\t\t\t\t\t\t\t<\/div>\n\t\t<\/section>\n\t\t\t\t<section class=\"elementor-section elementor-top-section elementor-element elementor-element-708721ea elementor-hidden-tablet elementor-hidden-phone elementor-section-boxed elementor-section-height-default elementor-section-height-default\" data-id=\"708721ea\" data-element_type=\"section\">\n\t\t\t\t\t\t<div class=\"elementor-container elementor-column-gap-default\">\n\t\t\t\t\t<div class=\"elementor-column elementor-col-50 elementor-top-column elementor-element elementor-element-70d713d4\" data-id=\"70d713d4\" data-element_type=\"column\">\n\t\t\t<div class=\"elementor-widget-wrap elementor-element-populated\">\n\t\t\t\t\t\t\t\t<div class=\"elementor-element elementor-element-29625a28 elementor-widget elementor-widget-text-editor\" data-id=\"29625a28\" data-element_type=\"widget\" data-widget_type=\"text-editor.default\">\n\t\t\t\t<div class=\"elementor-widget-container\">\n\t\t\t\t\t\t\t<p>Fran Mateu es investigador y profesor del \u00c1rea de Est\u00e9tica y Teor\u00eda de las Artes del Departamento de Arte de la Universidad Miguel Hern\u00e1ndez. Desde sus inicios en la actividad docente, ha impartido clases en asignaturas como Teor\u00eda y T\u00e9cnica de la Edici\u00f3n y Montaje, o Videojuegos y Entornos Virtuales. Previamente, se licenci\u00f3 en Publicidad y Relaciones P\u00fablicas, y obtuvo el grado en Cinematograf\u00eda, especialidad en Direcci\u00f3n Cinematogr\u00e1fica. Actualmente, est\u00e1 realizando los estudios de Doctorado, investigando las narrativas transmedia en el contexto de las interrelaciones entre Literatura, Historia, Cine, Videojuegos y Cultura Popular. Es director y fundador del Festival Internacional de Cine Fant\u00e1stico de Elche &#8211; FANTAELX, y co-director del Congreso Internacional de G\u00e9nero Fant\u00e1stico, Audiovisuales y Nuevas Tecnolog\u00edas, con el apoyo de la Universidad Miguel Hern\u00e1ndez, el Departamento de Arte y el Grupo de Investigaci\u00f3n <em>Massiva<\/em>. Ha participado como coordinador y\/o editor en libros de divulgaci\u00f3n como <em>De lo Fant\u00e1stico y lo Inadmisible<\/em>(Mart\u00ednez Fabre &amp; Mateu, 2019); o <em>In a Stranger Field. <\/em><em>Studies of Art, Audiovisuals and New Technologies in Fantasy, SciFi and Horror Genres<\/em> (Mart\u00ednez Fabre &amp; Mateu, 2019). Tambi\u00e9n es autor o co-autor de art\u00edculos cient\u00edficos como <em>Analog\u00edas y Divergencias de la Simbolog\u00eda Laber\u00edntica entre Cine y Videojuegos<\/em> (2017); <em>Humor, Serie B y Fantas\u00eda Cin\u00e9fila en las Aventuras Gr\u00e1ficas de LucasArts<\/em> (2018); o <em>La Edad Media en la Edad de Oro del Software Espa\u00f1ol<\/em> (2018).<\/p>\t\t\t\t\t\t<\/div>\n\t\t\t\t<\/div>\n\t\t\t\t<div class=\"elementor-element elementor-element-7e16553e elementor-widget-divider--view-line elementor-widget elementor-widget-divider\" data-id=\"7e16553e\" data-element_type=\"widget\" data-widget_type=\"divider.default\">\n\t\t\t\t<div class=\"elementor-widget-container\">\n\t\t\t\t\t<div class=\"elementor-divider\">\n\t\t\t<span class=\"elementor-divider-separator\">\n\t\t\t\t\t\t<\/span>\n\t\t<\/div>\n\t\t\t\t<\/div>\n\t\t\t\t<\/div>\n\t\t\t\t<div class=\"elementor-element elementor-element-565c3692 elementor-widget elementor-widget-heading\" data-id=\"565c3692\" data-element_type=\"widget\" data-widget_type=\"heading.default\">\n\t\t\t\t<div class=\"elementor-widget-container\">\n\t\t\t<h3 class=\"elementor-heading-title elementor-size-large\">Contacto<\/h3>\t\t<\/div>\n\t\t\t\t<\/div>\n\t\t\t\t<div class=\"elementor-element elementor-element-31460924 elementor-align-right elementor-icon-list--layout-traditional elementor-list-item-link-full_width elementor-widget elementor-widget-icon-list\" data-id=\"31460924\" data-element_type=\"widget\" data-widget_type=\"icon-list.default\">\n\t\t\t\t<div class=\"elementor-widget-container\">\n\t\t\t\t\t<ul class=\"elementor-icon-list-items\">\n\t\t\t\t\t\t\t<li class=\"elementor-icon-list-item\">\n\t\t\t\t\t\t\t\t\t\t\t<span class=\"elementor-icon-list-icon\">\n\t\t\t\t\t\t\t<i aria-hidden=\"true\" class=\"far fa-envelope\"><\/i>\t\t\t\t\t\t<\/span>\n\t\t\t\t\t\t\t\t\t\t<span class=\"elementor-icon-list-text\"><a href=\"mailto:f.mateu@umh.es\">f.mateu@umh.es<\/a><\/span>\n\t\t\t\t\t\t\t\t\t<\/li>\n\t\t\t\t\t\t<\/ul>\n\t\t\t\t<\/div>\n\t\t\t\t<\/div>\n\t\t\t\t\t<\/div>\n\t\t<\/div>\n\t\t\t\t<div class=\"elementor-column elementor-col-50 elementor-top-column elementor-element elementor-element-7fb5d619\" data-id=\"7fb5d619\" data-element_type=\"column\">\n\t\t\t<div class=\"elementor-widget-wrap elementor-element-populated\">\n\t\t\t\t\t\t\t\t<div class=\"elementor-element elementor-element-2fdf6cc5 elementor-widget elementor-widget-text-editor\" data-id=\"2fdf6cc5\" data-element_type=\"widget\" data-widget_type=\"text-editor.default\">\n\t\t\t\t<div class=\"elementor-widget-container\">\n\t\t\t\t\t\t\t<p>Ha trabajado en el desarrollo de cortometrajes y largometrajes en las \u00e1reas de direcci\u00f3n, guion, producci\u00f3n y\/o ayudant\u00eda de direcci\u00f3n, contando con m\u00e1s de 250 exhibiciones en eventos y\/o festivales internacionales, como el SITGES &#8211; Festival Internacional de Cinema Fant\u00e0stic de Catalunya, o el Miami International Film Festival (calificador para los Premios \u00d3scars), recibiendo m\u00e1s de 30 premios y\/o nominaciones derivados de dichas obras, como el premio a la mejor pr\u00e1ctica de escuelas de cine en el Almer\u00eda Western Film Festival por el cortometraje <em>Hell West<\/em> (2018), de la Escuela de Cine UMH; el premio al mejor cortometraje de ficci\u00f3n en el Galacticat &#8211; Mostra de Cinema Fant\u00e0stic de Ponent (T\u00e0rrega) por el cortometraje <em>Hidden Devil<\/em> (2017), o la nominaci\u00f3n al <em>M\u00e9li\u00e8s de Oro<\/em> al mejor cortometraje europeo fant\u00e1stico del a\u00f1o de la Federaci\u00f3n Europea de Festivales de Cine Fant\u00e1stico en el Grossmann Fantastic Film &amp; Wine Festival (Eslovenia) por el cortometraje <em>Historia Muerta<\/em> (2011).<\/p>\t\t\t\t\t\t<\/div>\n\t\t\t\t<\/div>\n\t\t\t\t<div class=\"elementor-element elementor-element-41dd911b elementor-widget-divider--view-line elementor-widget elementor-widget-divider\" data-id=\"41dd911b\" data-element_type=\"widget\" data-widget_type=\"divider.default\">\n\t\t\t\t<div class=\"elementor-widget-container\">\n\t\t\t\t\t<div class=\"elementor-divider\">\n\t\t\t<span class=\"elementor-divider-separator\">\n\t\t\t\t\t\t<\/span>\n\t\t<\/div>\n\t\t\t\t<\/div>\n\t\t\t\t<\/div>\n\t\t\t\t<div class=\"elementor-element elementor-element-31fd0c98 elementor-widget-divider--view-line elementor-widget elementor-widget-divider\" data-id=\"31fd0c98\" data-element_type=\"widget\" data-widget_type=\"divider.default\">\n\t\t\t\t<div class=\"elementor-widget-container\">\n\t\t\t\t\t<div class=\"elementor-divider\">\n\t\t\t<span class=\"elementor-divider-separator\">\n\t\t\t\t\t\t<\/span>\n\t\t<\/div>\n\t\t\t\t<\/div>\n\t\t\t\t<\/div>\n\t\t\t\t\t<\/div>\n\t\t<\/div>\n\t\t\t\t\t\t\t<\/div>\n\t\t<\/section>\n\t\t\t\t<section class=\"elementor-section elementor-top-section elementor-element elementor-element-4602ae3f elementor-section-stretched elementor-section-full_width elementor-hidden-desktop elementor-section-height-default elementor-section-height-default\" data-id=\"4602ae3f\" data-element_type=\"section\" data-settings=\"{&quot;stretch_section&quot;:&quot;section-stretched&quot;}\">\n\t\t\t\t\t\t<div class=\"elementor-container elementor-column-gap-default\">\n\t\t\t\t\t<div class=\"elementor-column elementor-col-100 elementor-top-column elementor-element elementor-element-4d8a5f4d\" data-id=\"4d8a5f4d\" data-element_type=\"column\">\n\t\t\t<div class=\"elementor-widget-wrap elementor-element-populated\">\n\t\t\t\t\t\t\t\t<div class=\"elementor-element elementor-element-5e483c85 elementor-widget elementor-widget-text-editor\" data-id=\"5e483c85\" data-element_type=\"widget\" data-widget_type=\"text-editor.default\">\n\t\t\t\t<div class=\"elementor-widget-container\">\n\t\t\t\t\t\t\t<p style=\"text-align: left\">Fran Mateu es investigador y profesor del \u00c1rea de Est\u00e9tica y Teor\u00eda de las Artes del Departamento de Arte de la Universidad Miguel Hern\u00e1ndez. Desde sus inicios en la actividad docente, ha impartido clases en asignaturas como Teor\u00eda y T\u00e9cnica de la Edici\u00f3n y Montaje, o Videojuegos y Entornos Virtuales. Previamente, se licenci\u00f3 en Publicidad y Relaciones P\u00fablicas, y obtuvo el grado en Cinematograf\u00eda, especialidad en Direcci\u00f3n Cinematogr\u00e1fica. Actualmente, est\u00e1 realizando los estudios de Doctorado, investigando las narrativas transmedia en el contexto de las interrelaciones entre Literatura, Historia, Cine, Videojuegos y Cultura Popular. Es director y fundador del Festival Internacional de Cine Fant\u00e1stico de Elche &#8211; FANTAELX, y co-director del Congreso Internacional de G\u00e9nero Fant\u00e1stico, Audiovisuales y Nuevas Tecnolog\u00edas, con el apoyo de la Universidad Miguel Hern\u00e1ndez, el Departamento de Arte y el Grupo de Investigaci\u00f3n <em>Massiva<\/em>. Ha participado como coordinador y\/o editor en libros de divulgaci\u00f3n como <em>De lo Fant\u00e1stico y lo Inadmisible<\/em>(Mart\u00ednez Fabre &amp; Mateu, 2019); o <em>In a Stranger Field. <\/em><em>Studies of Art, Audiovisuals and New Technologies in Fantasy, SciFi and Horror Genres<\/em> (Mart\u00ednez Fabre &amp; Mateu, 2019). Tambi\u00e9n es autor o co-autor de art\u00edculos cient\u00edficos como <em>Analog\u00edas y Divergencias de la Simbolog\u00eda Laber\u00edntica entre Cine y Videojuegos<\/em> (2017); <em>Humor, Serie B y Fantas\u00eda Cin\u00e9fila en las Aventuras Gr\u00e1ficas de LucasArts<\/em> (2018); o <em>La Edad Media en la Edad de Oro del Software Espa\u00f1ol<\/em> (2018).<\/p>\t\t\t\t\t\t<\/div>\n\t\t\t\t<\/div>\n\t\t\t\t<div class=\"elementor-element elementor-element-566d3935 elementor-widget-divider--view-line elementor-widget elementor-widget-divider\" data-id=\"566d3935\" data-element_type=\"widget\" data-widget_type=\"divider.default\">\n\t\t\t\t<div class=\"elementor-widget-container\">\n\t\t\t\t\t<div class=\"elementor-divider\">\n\t\t\t<span class=\"elementor-divider-separator\">\n\t\t\t\t\t\t<\/span>\n\t\t<\/div>\n\t\t\t\t<\/div>\n\t\t\t\t<\/div>\n\t\t\t\t<div class=\"elementor-element elementor-element-1d962f05 elementor-widget elementor-widget-text-editor\" data-id=\"1d962f05\" data-element_type=\"widget\" data-widget_type=\"text-editor.default\">\n\t\t\t\t<div class=\"elementor-widget-container\">\n\t\t\t\t\t\t\t<p style=\"text-align: left\">Ha trabajado en el desarrollo de cortometrajes y largometrajes en las \u00e1reas de direcci\u00f3n, guion, producci\u00f3n y\/o ayudant\u00eda de direcci\u00f3n, contando con m\u00e1s de 250 exhibiciones en eventos y\/o festivales internacionales, como el SITGES &#8211; Festival Internacional de Cinema Fant\u00e0stic de Catalunya, o el Miami International Film Festival (calificador para los Premios \u00d3scars), recibiendo m\u00e1s de 30 premios y\/o nominaciones derivados de dichas obras, como el premio a la mejor pr\u00e1ctica de escuelas de cine en el Almer\u00eda Western Film Festival por el cortometraje <em>Hell West<\/em> (2018), de la Escuela de Cine UMH; el premio al mejor cortometraje de ficci\u00f3n en el Galacticat &#8211; Mostra de Cinema Fant\u00e0stic de Ponent (T\u00e0rrega) por el cortometraje <em>Hidden Devil<\/em> (2017), o la nominaci\u00f3n al <em>M\u00e9li\u00e8s de Oro<\/em> al mejor cortometraje europeo fant\u00e1stico del a\u00f1o de la Federaci\u00f3n Europea de Festivales de Cine Fant\u00e1stico en el Grossmann Fantastic Film &amp; Wine Festival (Eslovenia) por el cortometraje <em>Historia Muerta<\/em> (2011).<\/p>\t\t\t\t\t\t<\/div>\n\t\t\t\t<\/div>\n\t\t\t\t<div class=\"elementor-element elementor-element-21393796 elementor-widget elementor-widget-heading\" data-id=\"21393796\" data-element_type=\"widget\" data-widget_type=\"heading.default\">\n\t\t\t\t<div class=\"elementor-widget-container\">\n\t\t\t<h3 class=\"elementor-heading-title elementor-size-large\">Contacto<\/h3>\t\t<\/div>\n\t\t\t\t<\/div>\n\t\t\t\t<div class=\"elementor-element elementor-element-deeb898 elementor-align-right elementor-icon-list--layout-traditional elementor-list-item-link-full_width elementor-widget elementor-widget-icon-list\" data-id=\"deeb898\" data-element_type=\"widget\" data-widget_type=\"icon-list.default\">\n\t\t\t\t<div class=\"elementor-widget-container\">\n\t\t\t\t\t<ul class=\"elementor-icon-list-items\">\n\t\t\t\t\t\t\t<li class=\"elementor-icon-list-item\">\n\t\t\t\t\t\t\t\t\t\t\t<span class=\"elementor-icon-list-icon\">\n\t\t\t\t\t\t\t<i aria-hidden=\"true\" class=\"far fa-envelope\"><\/i>\t\t\t\t\t\t<\/span>\n\t\t\t\t\t\t\t\t\t\t<span class=\"elementor-icon-list-text\"><a href=\"mailto:f.mateu@umh.es\">f.mateu@umh.es<\/a><\/span>\n\t\t\t\t\t\t\t\t\t<\/li>\n\t\t\t\t\t\t<\/ul>\n\t\t\t\t<\/div>\n\t\t\t\t<\/div>\n\t\t\t\t\t<\/div>\n\t\t<\/div>\n\t\t\t\t\t\t\t<\/div>\n\t\t<\/section>\n\t\t\t\t\t\t<\/div>\n\t\t\t\t\t<\/div>\n\t\t","protected":false},"excerpt":{"rendered":"<p>Fran Mateu<br \/>\nLenguaje e intertextualidad audiovisual<br \/>\nFran Mateu<br \/>\nLenguaje e intertextualidad audiovisual <\/p>\n<p>Fran Mateu es investigador y profesor del \u00c1rea de Est\u00e9tica y Teor\u00eda de las Artes del Departamento de Arte de la Universidad Miguel Hern\u00e1ndez. Desde sus inicios en la actividad docente, ha impartido clases en asignaturas como Teor\u00eda y T\u00e9cnica de la Edici\u00f3n y Montaje, [&#8230;]<\/p>\n","protected":false},"author":5001,"featured_media":0,"parent":0,"menu_order":0,"comment_status":"closed","ping_status":"closed","template":"","meta":{"_et_pb_use_builder":"","_et_pb_old_content":"","_et_gb_content_width":"","_links_to":"","_links_to_target":""},"_links":{"self":[{"href":"https:\/\/grupomassiva.umh.es\/en\/wp-json\/wp\/v2\/pages\/19712"}],"collection":[{"href":"https:\/\/grupomassiva.umh.es\/en\/wp-json\/wp\/v2\/pages"}],"about":[{"href":"https:\/\/grupomassiva.umh.es\/en\/wp-json\/wp\/v2\/types\/page"}],"author":[{"embeddable":true,"href":"https:\/\/grupomassiva.umh.es\/en\/wp-json\/wp\/v2\/users\/5001"}],"replies":[{"embeddable":true,"href":"https:\/\/grupomassiva.umh.es\/en\/wp-json\/wp\/v2\/comments?post=19712"}],"version-history":[{"count":0,"href":"https:\/\/grupomassiva.umh.es\/en\/wp-json\/wp\/v2\/pages\/19712\/revisions"}],"wp:attachment":[{"href":"https:\/\/grupomassiva.umh.es\/en\/wp-json\/wp\/v2\/media?parent=19712"}],"curies":[{"name":"wp","href":"https:\/\/api.w.org\/{rel}","templated":true}]}}