{"id":19715,"date":"2024-06-19T18:39:52","date_gmt":"2024-06-19T16:39:52","guid":{"rendered":"https:\/\/grupomassiva.umh.es\/bio-damia-jorda\/"},"modified":"2024-06-19T18:39:52","modified_gmt":"2024-06-19T16:39:52","slug":"bio-damia-jorda","status":"publish","type":"page","link":"https:\/\/grupomassiva.umh.es\/en\/bio-damia-jorda\/","title":{"rendered":"Bio Dami\u00e0 Jord\u00e0"},"content":{"rendered":"\t\t<div data-elementor-type=\"wp-page\" data-elementor-id=\"19715\" class=\"elementor elementor-19715\" data-elementor-settings=\"[]\">\n\t\t\t\t\t\t\t<div class=\"elementor-section-wrap\">\n\t\t\t\t\t\t\t<section class=\"elementor-section elementor-top-section elementor-element elementor-element-73331aba elementor-hidden-tablet elementor-hidden-phone elementor-section-boxed elementor-section-height-default elementor-section-height-default\" data-id=\"73331aba\" data-element_type=\"section\">\n\t\t\t\t\t\t<div class=\"elementor-container elementor-column-gap-default\">\n\t\t\t\t\t<div class=\"elementor-column elementor-col-100 elementor-top-column elementor-element elementor-element-125cbf17\" data-id=\"125cbf17\" data-element_type=\"column\" data-settings=\"{&quot;background_background&quot;:&quot;none&quot;}\">\n\t\t\t<div class=\"elementor-widget-wrap elementor-element-populated\">\n\t\t\t\t\t\t\t\t<div class=\"elementor-element elementor-element-52e2beda elementor-widget elementor-widget-heading\" data-id=\"52e2beda\" data-element_type=\"widget\" data-widget_type=\"heading.default\">\n\t\t\t\t<div class=\"elementor-widget-container\">\n\t\t\t<h4 class=\"elementor-heading-title elementor-size-medium\">Dami\u00e0 Jord\u00e0<\/h4>\t\t<\/div>\n\t\t\t\t<\/div>\n\t\t\t\t<div class=\"elementor-element elementor-element-720c45af elementor-widget elementor-widget-heading\" data-id=\"720c45af\" data-element_type=\"widget\" data-widget_type=\"heading.default\">\n\t\t\t\t<div class=\"elementor-widget-container\">\n\t\t\t<h6 class=\"elementor-heading-title elementor-size-medium\">Lenguajes audiovisuales y cultura social <\/h6>\t\t<\/div>\n\t\t\t\t<\/div>\n\t\t\t\t\t<\/div>\n\t\t<\/div>\n\t\t\t\t\t\t\t<\/div>\n\t\t<\/section>\n\t\t\t\t<section class=\"elementor-section elementor-top-section elementor-element elementor-element-59dc4cc1 elementor-hidden-desktop elementor-section-boxed elementor-section-height-default elementor-section-height-default\" data-id=\"59dc4cc1\" data-element_type=\"section\">\n\t\t\t\t\t\t<div class=\"elementor-container elementor-column-gap-default\">\n\t\t\t\t\t<div class=\"elementor-column elementor-col-100 elementor-top-column elementor-element elementor-element-57e22717\" data-id=\"57e22717\" data-element_type=\"column\" data-settings=\"{&quot;background_background&quot;:&quot;none&quot;}\">\n\t\t\t<div class=\"elementor-widget-wrap elementor-element-populated\">\n\t\t\t\t\t\t\t\t<div class=\"elementor-element elementor-element-563a0ca6 elementor-widget elementor-widget-heading\" data-id=\"563a0ca6\" data-element_type=\"widget\" data-widget_type=\"heading.default\">\n\t\t\t\t<div class=\"elementor-widget-container\">\n\t\t\t<h4 class=\"elementor-heading-title elementor-size-medium\">Dami\u00e0 Jord\u00e0<\/h4>\t\t<\/div>\n\t\t\t\t<\/div>\n\t\t\t\t<div class=\"elementor-element elementor-element-62e45ae5 elementor-widget elementor-widget-heading\" data-id=\"62e45ae5\" data-element_type=\"widget\" data-widget_type=\"heading.default\">\n\t\t\t\t<div class=\"elementor-widget-container\">\n\t\t\t<h6 class=\"elementor-heading-title elementor-size-medium\">Lenguajes audiovisuales y cultura social <\/h6>\t\t<\/div>\n\t\t\t\t<\/div>\n\t\t\t\t\t<\/div>\n\t\t<\/div>\n\t\t\t\t\t\t\t<\/div>\n\t\t<\/section>\n\t\t\t\t<section class=\"elementor-section elementor-top-section elementor-element elementor-element-5d71c635 elementor-section-full_width elementor-section-content-top elementor-section-height-default elementor-section-height-default\" data-id=\"5d71c635\" data-element_type=\"section\">\n\t\t\t\t\t\t<div class=\"elementor-container elementor-column-gap-default\">\n\t\t\t\t\t<div class=\"elementor-column elementor-col-100 elementor-top-column elementor-element elementor-element-63492b21\" data-id=\"63492b21\" data-element_type=\"column\">\n\t\t\t<div class=\"elementor-widget-wrap elementor-element-populated\">\n\t\t\t\t\t\t\t\t<div class=\"elementor-element elementor-element-1c66e372 elementor-widget elementor-widget-image\" data-id=\"1c66e372\" data-element_type=\"widget\" data-widget_type=\"image.default\">\n\t\t\t\t<div class=\"elementor-widget-container\">\n\t\t\t\t\t\t\t\t\t\t\t\t\t\t\t<img src=\"https:\/\/grupomassiva.umh.es\/files\/2024\/05\/DAMIA.jpg\" title=\"\" alt=\"\" \/>\t\t\t\t\t\t\t\t\t\t\t\t\t\t\t<\/div>\n\t\t\t\t<\/div>\n\t\t\t\t\t<\/div>\n\t\t<\/div>\n\t\t\t\t\t\t\t<\/div>\n\t\t<\/section>\n\t\t\t\t<section class=\"elementor-section elementor-top-section elementor-element elementor-element-531c8be3 elementor-hidden-tablet elementor-hidden-phone elementor-section-boxed elementor-section-height-default elementor-section-height-default\" data-id=\"531c8be3\" data-element_type=\"section\">\n\t\t\t\t\t\t<div class=\"elementor-container elementor-column-gap-default\">\n\t\t\t\t\t<div class=\"elementor-column elementor-col-50 elementor-top-column elementor-element elementor-element-4a837373\" data-id=\"4a837373\" data-element_type=\"column\">\n\t\t\t<div class=\"elementor-widget-wrap elementor-element-populated\">\n\t\t\t\t\t\t\t\t<div class=\"elementor-element elementor-element-9ee9eab elementor-widget elementor-widget-text-editor\" data-id=\"9ee9eab\" data-element_type=\"widget\" data-widget_type=\"text-editor.default\">\n\t\t\t\t<div class=\"elementor-widget-container\">\n\t\t\t\t\t\t\t<p>Profesor asociado en el \u00e1rea de Est\u00e9tica y Teor\u00eda de las Artes de la Universidad Miguel Hern\u00e1ndez; Coordinador de Investigaci\u00f3n e Innovaci\u00f3n Educativa en el centro de estudios superiores Barreira Arte+Dise\u00f1o, y director del grupo de investigaci\u00f3n InnoBarr-Laboratorio de Innovaci\u00f3n y creatividad en el dise\u00f1o. Sus investigaciones, generalmente orientadas hacia la relaci\u00f3n entre la est\u00e9tica audiovisual y determinadas controversias sociales, han sido presentadas en congresos internacionales y publicaciones entre las que cabe destacar su libro <em>Vaselina en la lente. Las drogas en Espa\u00f1a tras el prisma de los media<\/em>(2017, Luhu Editorial), en el que explora las conexiones entre el problema social de la droga y sus variadas representaciones medi\u00e1ticas.<\/p>\t\t\t\t\t\t<\/div>\n\t\t\t\t<\/div>\n\t\t\t\t<div class=\"elementor-element elementor-element-6ebd81d4 elementor-widget-divider--view-line elementor-widget elementor-widget-divider\" data-id=\"6ebd81d4\" data-element_type=\"widget\" data-widget_type=\"divider.default\">\n\t\t\t\t<div class=\"elementor-widget-container\">\n\t\t\t\t\t<div class=\"elementor-divider\">\n\t\t\t<span class=\"elementor-divider-separator\">\n\t\t\t\t\t\t<\/span>\n\t\t<\/div>\n\t\t\t\t<\/div>\n\t\t\t\t<\/div>\n\t\t\t\t<div class=\"elementor-element elementor-element-336e8403 elementor-widget elementor-widget-heading\" data-id=\"336e8403\" data-element_type=\"widget\" data-widget_type=\"heading.default\">\n\t\t\t\t<div class=\"elementor-widget-container\">\n\t\t\t<h3 class=\"elementor-heading-title elementor-size-large\">Contacto<\/h3>\t\t<\/div>\n\t\t\t\t<\/div>\n\t\t\t\t<div class=\"elementor-element elementor-element-46414c07 elementor-align-right elementor-icon-list--layout-traditional elementor-list-item-link-full_width elementor-widget elementor-widget-icon-list\" data-id=\"46414c07\" data-element_type=\"widget\" data-widget_type=\"icon-list.default\">\n\t\t\t\t<div class=\"elementor-widget-container\">\n\t\t\t\t\t<ul class=\"elementor-icon-list-items\">\n\t\t\t\t\t\t\t<li class=\"elementor-icon-list-item\">\n\t\t\t\t\t\t\t\t\t\t\t<span class=\"elementor-icon-list-icon\">\n\t\t\t\t\t\t\t<i aria-hidden=\"true\" class=\"far fa-envelope\"><\/i>\t\t\t\t\t\t<\/span>\n\t\t\t\t\t\t\t\t\t\t<span class=\"elementor-icon-list-text\"><a href=\"mailto:djorda@umh.es\">djorda@umh.es<\/a><\/span>\n\t\t\t\t\t\t\t\t\t<\/li>\n\t\t\t\t\t\t<\/ul>\n\t\t\t\t<\/div>\n\t\t\t\t<\/div>\n\t\t\t\t\t<\/div>\n\t\t<\/div>\n\t\t\t\t<div class=\"elementor-column elementor-col-50 elementor-top-column elementor-element elementor-element-43bfbb1c\" data-id=\"43bfbb1c\" data-element_type=\"column\">\n\t\t\t<div class=\"elementor-widget-wrap elementor-element-populated\">\n\t\t\t\t\t\t\t\t<div class=\"elementor-element elementor-element-6228922a elementor-widget elementor-widget-text-editor\" data-id=\"6228922a\" data-element_type=\"widget\" data-widget_type=\"text-editor.default\">\n\t\t\t\t<div class=\"elementor-widget-container\">\n\t\t\t\t\t\t\t<p>Su pr\u00e1ctica art\u00edstica se ubica en la bisagra que enlaza el v\u00eddeo de creaci\u00f3n con el cine experimental y de autor. La obra de Jord\u00e0 se caracteriza fundamentalmente por la b\u00fasqueda de formas de expresi\u00f3n narrativa mediante la construcci\u00f3n de ensayos y poemas visuales de clara influencia cinematogr\u00e1fica, as\u00ed como de instalaciones multimedia que planteen una reflexi\u00f3n formal acerca de nuestra relaci\u00f3n f\u00edsica con la imagen audiovisual, utilizando im\u00e1genes para descubrirnos v\u00ednculos con nuestro entorno, con los medios de comunicaci\u00f3n y con los rituales sociales contempor\u00e1neos.<\/p>\t\t\t\t\t\t<\/div>\n\t\t\t\t<\/div>\n\t\t\t\t<div class=\"elementor-element elementor-element-724052d9 elementor-widget-divider--view-line elementor-widget elementor-widget-divider\" data-id=\"724052d9\" data-element_type=\"widget\" data-widget_type=\"divider.default\">\n\t\t\t\t<div class=\"elementor-widget-container\">\n\t\t\t\t\t<div class=\"elementor-divider\">\n\t\t\t<span class=\"elementor-divider-separator\">\n\t\t\t\t\t\t<\/span>\n\t\t<\/div>\n\t\t\t\t<\/div>\n\t\t\t\t<\/div>\n\t\t\t\t<div class=\"elementor-element elementor-element-601159b6 elementor-widget-divider--view-line elementor-widget elementor-widget-divider\" data-id=\"601159b6\" data-element_type=\"widget\" data-widget_type=\"divider.default\">\n\t\t\t\t<div class=\"elementor-widget-container\">\n\t\t\t\t\t<div class=\"elementor-divider\">\n\t\t\t<span class=\"elementor-divider-separator\">\n\t\t\t\t\t\t<\/span>\n\t\t<\/div>\n\t\t\t\t<\/div>\n\t\t\t\t<\/div>\n\t\t\t\t\t<\/div>\n\t\t<\/div>\n\t\t\t\t\t\t\t<\/div>\n\t\t<\/section>\n\t\t\t\t<section class=\"elementor-section elementor-top-section elementor-element elementor-element-5e310a68 elementor-section-stretched elementor-section-full_width elementor-hidden-desktop elementor-section-height-default elementor-section-height-default\" data-id=\"5e310a68\" data-element_type=\"section\" data-settings=\"{&quot;stretch_section&quot;:&quot;section-stretched&quot;}\">\n\t\t\t\t\t\t<div class=\"elementor-container elementor-column-gap-default\">\n\t\t\t\t\t<div class=\"elementor-column elementor-col-100 elementor-top-column elementor-element elementor-element-1334f3c4\" data-id=\"1334f3c4\" data-element_type=\"column\">\n\t\t\t<div class=\"elementor-widget-wrap elementor-element-populated\">\n\t\t\t\t\t\t\t\t<div class=\"elementor-element elementor-element-6542ef40 elementor-widget elementor-widget-text-editor\" data-id=\"6542ef40\" data-element_type=\"widget\" data-widget_type=\"text-editor.default\">\n\t\t\t\t<div class=\"elementor-widget-container\">\n\t\t\t\t\t\t\t<p style=\"text-align: left\">Profesor asociado en el \u00e1rea de Est\u00e9tica y Teor\u00eda de las Artes de la Universidad Miguel Hern\u00e1ndez; Coordinador de Investigaci\u00f3n e Innovaci\u00f3n Educativa en el centro de estudios superiores Barreira Arte+Dise\u00f1o, y director del grupo de investigaci\u00f3n InnoBarr-Laboratorio de Innovaci\u00f3n y creatividad en el dise\u00f1o. Sus investigaciones, generalmente orientadas hacia la relaci\u00f3n entre la est\u00e9tica audiovisual y determinadas controversias sociales, han sido presentadas en congresos internacionales y publicaciones entre las que cabe destacar su libro <em>Vaselina en la lente. Las drogas en Espa\u00f1a tras el prisma de los media<\/em>(2017, Luhu Editorial), en el que explora las conexiones entre el problema social de la droga y sus variadas representaciones medi\u00e1ticas.<\/p>\t\t\t\t\t\t<\/div>\n\t\t\t\t<\/div>\n\t\t\t\t<div class=\"elementor-element elementor-element-5077b635 elementor-widget-divider--view-line elementor-widget elementor-widget-divider\" data-id=\"5077b635\" data-element_type=\"widget\" data-widget_type=\"divider.default\">\n\t\t\t\t<div class=\"elementor-widget-container\">\n\t\t\t\t\t<div class=\"elementor-divider\">\n\t\t\t<span class=\"elementor-divider-separator\">\n\t\t\t\t\t\t<\/span>\n\t\t<\/div>\n\t\t\t\t<\/div>\n\t\t\t\t<\/div>\n\t\t\t\t<div class=\"elementor-element elementor-element-59e851ec elementor-widget elementor-widget-text-editor\" data-id=\"59e851ec\" data-element_type=\"widget\" data-widget_type=\"text-editor.default\">\n\t\t\t\t<div class=\"elementor-widget-container\">\n\t\t\t\t\t\t\t<p style=\"text-align: left\">Su pr\u00e1ctica art\u00edstica se ubica en la bisagra que enlaza el v\u00eddeo de creaci\u00f3n con el cine experimental y de autor. La obra de Jord\u00e0 se caracteriza fundamentalmente por la b\u00fasqueda de formas de expresi\u00f3n narrativa mediante la construcci\u00f3n de ensayos y poemas visuales de clara influencia cinematogr\u00e1fica, as\u00ed como de instalaciones multimedia que planteen una reflexi\u00f3n formal acerca de nuestra relaci\u00f3n f\u00edsica con la imagen audiovisual, utilizando im\u00e1genes para descubrirnos v\u00ednculos con nuestro entorno, con los medios de comunicaci\u00f3n y con los rituales sociales contempor\u00e1neos.<\/p>\t\t\t\t\t\t<\/div>\n\t\t\t\t<\/div>\n\t\t\t\t<div class=\"elementor-element elementor-element-14e8c3cd elementor-widget elementor-widget-heading\" data-id=\"14e8c3cd\" data-element_type=\"widget\" data-widget_type=\"heading.default\">\n\t\t\t\t<div class=\"elementor-widget-container\">\n\t\t\t<h3 class=\"elementor-heading-title elementor-size-large\">Contacto<\/h3>\t\t<\/div>\n\t\t\t\t<\/div>\n\t\t\t\t<div class=\"elementor-element elementor-element-2dff0ac9 elementor-align-right elementor-icon-list--layout-traditional elementor-list-item-link-full_width elementor-widget elementor-widget-icon-list\" data-id=\"2dff0ac9\" data-element_type=\"widget\" data-widget_type=\"icon-list.default\">\n\t\t\t\t<div class=\"elementor-widget-container\">\n\t\t\t\t\t<ul class=\"elementor-icon-list-items\">\n\t\t\t\t\t\t\t<li class=\"elementor-icon-list-item\">\n\t\t\t\t\t\t\t\t\t\t\t<span class=\"elementor-icon-list-icon\">\n\t\t\t\t\t\t\t<i aria-hidden=\"true\" class=\"far fa-envelope\"><\/i>\t\t\t\t\t\t<\/span>\n\t\t\t\t\t\t\t\t\t\t<span class=\"elementor-icon-list-text\"><a href=\"mailto:djorda@umh.es\">djorda@umh.es<\/a><\/span>\n\t\t\t\t\t\t\t\t\t<\/li>\n\t\t\t\t\t\t<\/ul>\n\t\t\t\t<\/div>\n\t\t\t\t<\/div>\n\t\t\t\t\t<\/div>\n\t\t<\/div>\n\t\t\t\t\t\t\t<\/div>\n\t\t<\/section>\n\t\t\t\t\t\t<\/div>\n\t\t\t\t\t<\/div>\n\t\t","protected":false},"excerpt":{"rendered":"<p>Dami\u00e0 Jord\u00e0<br \/>\nLenguajes audiovisuales y cultura social<br \/>\nDami\u00e0 Jord\u00e0<br \/>\nLenguajes audiovisuales y cultura social <\/p>\n<p>Profesor asociado en el \u00e1rea de Est\u00e9tica y Teor\u00eda de las Artes de la Universidad Miguel Hern\u00e1ndez; Coordinador de Investigaci\u00f3n e Innovaci\u00f3n Educativa en el centro de estudios superiores Barreira Arte+Dise\u00f1o, y director del grupo de investigaci\u00f3n InnoBarr-Laboratorio de Innovaci\u00f3n y creatividad en [&#8230;]<\/p>\n","protected":false},"author":5001,"featured_media":0,"parent":0,"menu_order":0,"comment_status":"closed","ping_status":"closed","template":"","meta":{"_et_pb_use_builder":"","_et_pb_old_content":"","_et_gb_content_width":"","_links_to":"","_links_to_target":""},"_links":{"self":[{"href":"https:\/\/grupomassiva.umh.es\/en\/wp-json\/wp\/v2\/pages\/19715"}],"collection":[{"href":"https:\/\/grupomassiva.umh.es\/en\/wp-json\/wp\/v2\/pages"}],"about":[{"href":"https:\/\/grupomassiva.umh.es\/en\/wp-json\/wp\/v2\/types\/page"}],"author":[{"embeddable":true,"href":"https:\/\/grupomassiva.umh.es\/en\/wp-json\/wp\/v2\/users\/5001"}],"replies":[{"embeddable":true,"href":"https:\/\/grupomassiva.umh.es\/en\/wp-json\/wp\/v2\/comments?post=19715"}],"version-history":[{"count":0,"href":"https:\/\/grupomassiva.umh.es\/en\/wp-json\/wp\/v2\/pages\/19715\/revisions"}],"wp:attachment":[{"href":"https:\/\/grupomassiva.umh.es\/en\/wp-json\/wp\/v2\/media?parent=19715"}],"curies":[{"name":"wp","href":"https:\/\/api.w.org\/{rel}","templated":true}]}}